{"id":7559,"date":"2022-02-15T14:47:37","date_gmt":"2022-02-15T13:47:37","guid":{"rendered":"https:\/\/www.pedronavarro.es\/?page_id=7559"},"modified":"2023-12-07T17:07:11","modified_gmt":"2023-12-07T16:07:11","slug":"politique-de-confidentialite","status":"publish","type":"page","link":"https:\/\/www.pedronavarro.es\/fr\/politique-de-confidentialite\/","title":{"rendered":"Politique de confidentialit\u00e9"},"content":{"rendered":"<p>[vc_row css=&#8221;.vc_custom_1674144559336{margin-top: 100px !important;}&#8221;][vc_column]<style>.ld_spacer_69debd6a31120{height:150px;}<\/style>\n<div class=\"ld-empty-space ld_spacer_69debd6a31120\"><\/div>[vc_column_text]<\/p>\n<h2>Comment traitons-nous vos donn\u00e9es personnelles ?<\/h2>\n<p>&#8211; Conform\u00e9ment au r\u00e8glement (UE) 2016\/679 et au projet de loi organique sur la protection des donn\u00e9es personnelles, nous vous informons que vos donn\u00e9es personnelles peuvent faire l&#8217;objet de certains des traitements suivants :<\/p>\n<ul>\n<li>TR04 &#8211; Campagnes publicitaires (Base juridique : Ley 34\/1988, de 11 de noviembre, General de Publicidad.)<\/li>\n<li>TR08 &#8211; Recueil de l&#8217;avis des personnes concern\u00e9es (Base juridique : Data Protection Regulation (EU) 2016\/679 et LOPD).<\/li>\n<li>TR03 &#8211; S\u00e9lection du personnel propre (Base juridique : D\u00e9cret l\u00e9gislatif royal 3\/2015, du 23 octobre, approuvant le texte r\u00e9vis\u00e9 de la loi sur l&#8217;emploi).<\/li>\n<li>TG01 &#8211; Gestion propre de la comptabilit\u00e9, en tant que responsable (Base juridique : Real Decreto 1514\/2007, de 16 de Noviembre, por el que se regula el Plan General Contable).<\/li>\n<li>TG25 &#8211; Collecte de donn\u00e9es pour la gestion fiscale propre (Base juridique : Ley 58\/2003, de 17 de diciembre, General Tributaria).<\/li>\n<li>TG12 &#8211; Gestion propre du travail : collecte de donn\u00e9es (Base juridique : Real Decreto Legislativo 1\/1994, de 20 de junio, por el que se aprueba el Texto Refundido de la Ley General de la Seguridad Social).<\/li>\n<li>TR09 &#8211; Mesures de s\u00e9curit\u00e9 techniques et organisationnelles dans le logiciel appliqu\u00e9 (Base juridique : Data Protection Regulation (EU) 2016\/679 et LOPD).<\/li>\n<li>TE02 &#8211; Pr\u00e9vention des risques professionnels (Base juridique : Loi 31\/1995, du 8 novembre, sur la pr\u00e9vention des risques professionnels).<\/li>\n<li>TE07 &#8211; Destruction de documents (Base juridique : r\u00e8glement (UE) 2016\/679)<\/li>\n<li>TV01 &#8211; Vente \/ prestation de services (Base juridique : Mercantile and Fiscal Legislation)<\/li>\n<li>TE03 &#8211; Services de transport et\/ou de livraison de colis (Base juridique : Real Decreto de 22 de agosto de 1885 por el que se publica el C\u00f3digo de Comercio.)<\/li>\n<li>TR05 &#8211; Courrier \u00e9lectronique (Base juridique : Code de commerce et autres l\u00e9gislations applicables).<\/li>\n<li>TR01 &#8211; Demandes d&#8217;information re\u00e7ues (Base juridique : C\u00f3digo de Comercio et autres dispositions commerciales).<\/li>\n<li>TR07 &#8211; Gestion des incidents et\/ou des failles de s\u00e9curit\u00e9 (Base juridique : r\u00e8glement (UE) 2016\/679 sur la protection des donn\u00e9es et LOPD).<\/li>\n<li>TE04 &#8211; Gestion des questions juridiques propres (Base juridique : l\u00e9gislation commerciale et du travail applicable).<\/li>\n<li>TE01 &#8211; Maintenance des syst\u00e8mes informatiques (Base juridique : code de commerce).<\/li>\n<\/ul>\n<h2>Qui sommes-nous ?<\/h2>\n<p>&#8211; Nous sommes responsables du traitement de vos donn\u00e9es. C&#8217;est pourquoi nous informons express\u00e9ment, pr\u00e9cis\u00e9ment et sans ambigu\u00eft\u00e9 les personnes concern\u00e9es et les organes comp\u00e9tents des aspects suivants concernant le responsable du traitement des donn\u00e9es :<\/p>\n<p style=\"padding-left: 40px;\">RENTAL &amp; EVENTS, S.L.<br \/>\nB73883803<br \/>\nPOL\u00cdGONO NUEVA CAMPANA, NAVE 79 NUEVA ANDALUC\u00cdA- MARBELLA<br \/>\n29660<br \/>\nM\u00c1LAGA administracion@pedronavarro.es<\/p>\n<h2>\u00c0 quelles fins utilisons-nous vos donn\u00e9es personnelles ?<\/h2>\n<p>&#8211; Au sein de cette organisation, nous pouvons traiter vos donn\u00e9es \u00e0 caract\u00e8re personnel exclusivement aux fins d\u00e9crites ci-dessous:<\/p>\n<p style=\"padding-left: 40px;\">V\u00e9rifier que toutes les mesures techniques n\u00e9cessaires \u00e0 la bonne gestion des donn\u00e9es personnelles sont mises en \u0153uvre avec le logiciel appliqu\u00e9.<br \/>\nEnvoi d&#8217;informations commerciales et\/ou publicitaires par courrier \u00e9lectronique.<br \/>\nGestion des demandes d&#8217;information re\u00e7ues par l&#8217;int\u00e9ress\u00e9 sur nos produits ou services. Gestion exclusive des incidents internes d\u00e9tect\u00e9s conform\u00e9ment aux exigences du RGPD. R\u00e9alisation de campagnes publicitaires pour faire conna\u00eetre nos services et\/ou produits.<br \/>\nRecueillir l&#8217;opinion des personnes concern\u00e9es.<br \/>\nRecrutement de personnel pour pourvoir les postes vacants n\u00e9cessaires.<br \/>\nRespecter toutes les exigences de la loi sur la pr\u00e9vention des risques professionnels.<br \/>\nEnvoyer des colis et de la correspondance.<br \/>\nTraiter tout probl\u00e8me juridique affectant l&#8217;entreprise.<br \/>\nG\u00e9rer, entretenir et r\u00e9parer les syst\u00e8mes de stockage informatique.<br \/>\nActions visant \u00e0 assurer sa propre gestion du travail.<br \/>\nActions de gestion fiscale et comptable propre.<br \/>\nRespect du principe de limitation de la dur\u00e9e de conservation des donn\u00e9es \u00e0 caract\u00e8re personnel.<br \/>\nGestion administrative de clients priv\u00e9s.<br \/>\nR\u00e9alisation de la vente ou de la prestation du service contract\u00e9.<\/p>\n<p>&#8211; Un profil commercial ou d&#8217;utilisateur peut \u00eatre \u00e9tabli sur la base des informations fournies ou obtenues. Nous vous informons express\u00e9ment qu&#8217;en aucun cas des profils ne seront cr\u00e9\u00e9s avec les donn\u00e9es d&#8217;un mineur.<\/p>\n<p>&#8211; Les donn\u00e9es \u00e0 caract\u00e8re personnel que vous avez fournies seront conserv\u00e9es pendant la dur\u00e9e de la relation contractuelle ou, le cas \u00e9ch\u00e9ant, jusqu&#8217;\u00e0 ce que vous exerciez votre droit d&#8217;opposition ou que vous retiriez votre consentement. Pour ce faire, vous pouvez vous rendre dans la section correspondante de notre site web ou envoyer un courrier \u00e9lectronique \u00e0 l&#8217;adresse indiqu\u00e9e dans la section relative \u00e0 la personne responsable.<\/p>\n<h2>Pourquoi les utilisons-nous ? Nous avons le droit de traiter vos donn\u00e9es \u00e0 caract\u00e8re personnel pour les raisons suivantes :<\/h2>\n<p>&#8211; Votre consentement univoque, \u00e9clair\u00e9 et expr\u00e8s, dans les cas o\u00f9 il est l\u00e9galement requis, sans que, en tout \u00e9tat de cause, le retrait de ce consentement ne conditionne l&#8217;ex\u00e9cution d&#8217;autres traitements dont la l\u00e9gitimit\u00e9 est diff\u00e9rente, et sans que ce retrait n&#8217;affecte la l\u00e9galit\u00e9 du traitement ant\u00e9rieur au retrait du consentement.<br \/>\n&#8211; Une obligation l\u00e9gale du responsable du traitement.<br \/>\n&#8211; L&#8217;ex\u00e9cution du contrat de prestation de services et\/ou d&#8217;achat et de vente des produits concern\u00e9s que vous avez conclu.<br \/>\n&#8211; La base juridique du traitement de vos donn\u00e9es est l&#8217;int\u00e9r\u00eat l\u00e9gitime du responsable du traitement. Cet int\u00e9r\u00eat est fond\u00e9 sur la r\u00e9alisation pr\u00e9alable d&#8217;un test de proportionnalit\u00e9 ou de mise en balance entre l&#8217;int\u00e9r\u00eat l\u00e9gitime du responsable du traitement et les int\u00e9r\u00eats ou les droits et libert\u00e9s des personnes concern\u00e9es. Cette mise en balance a impliqu\u00e9 l&#8217;\u00e9valuation de l&#8217;int\u00e9r\u00eat, l&#8217;\u00e9valuation de l&#8217;impact du traitement sur les personnes concern\u00e9es, l&#8217;\u00e9quilibre entre les deux concepts et la mise en \u0153uvre de garanties suppl\u00e9mentaires. La mise en balance finale \u00e9tant en faveur du responsable du traitement, le traitement peut \u00eatre effectu\u00e9 conform\u00e9ment aux r\u00e8gles applicables en mati\u00e8re de protection des donn\u00e9es \u00e0 caract\u00e8re personnel. Pour toute question ou clarification, vous pouvez nous contacter \u00e0 l&#8217;adresse \u00e9lectronique indiqu\u00e9e dans la section relative au responsable du traitement.<\/p>\n<h2>Avec qui pouvons-nous partager vos donn\u00e9es personnelles ?<\/h2>\n<p>&#8211; Vos donn\u00e9es personnelles seront communiqu\u00e9es aux soci\u00e9t\u00e9s et organismes suivants :<\/p>\n<p>Agence fiscale<br \/>\nService public de l&#8217;emploi<br \/>\nTr\u00e9sorerie g\u00e9n\u00e9rale de la s\u00e9curit\u00e9 sociale<br \/>\nBanques et caisses d&#8217;\u00e9pargne<\/p>\n<p>&#8211; Vos donn\u00e9es personnelles ne seront pas transf\u00e9r\u00e9es \u00e0 un pays tiers ou \u00e0 une organisation internationale.<\/p>\n<h2>Quelles donn\u00e9es traitons-nous et comment les avons-nous collect\u00e9es ?<\/h2>\n<p>&#8211; Vos donn\u00e9es personnelles seront incluses dans les fichiers suivants, d\u00e9tenus par l&#8217;organisation :<\/p>\n<p style=\"padding-left: 40px;\">FG01 Gestion comptable propre<br \/>\nFG02 Gestion du personnel<br \/>\nFG15 Gestion fiscale propre. Collecte de donn\u00e9es<br \/>\nFE01 Maintenance informatique<br \/>\nFE02 Pr\u00e9vention des risques professionnels<br \/>\nFE03 Transport et exp\u00e9dition<br \/>\nFE04 Affaires juridiques propres<br \/>\nFR01 Demandes d&#8217;information re\u00e7ues<br \/>\nFR03 Recrutement de personnel propre<br \/>\nFR04 Campagnes publicitaires<br \/>\nFR05 Courriels<br \/>\nFR07 Gestion des incidents et\/ou des violations de la s\u00e9curit\u00e9 FR08 Collecte des r\u00e9actions des parties prenantes<br \/>\nFR09 S\u00e9curit\u00e9 des logiciels et du mat\u00e9riel<br \/>\nFE07 Destruction des documents<br \/>\nFP01 Clients<\/p>\n<p>&#8211; Les donn\u00e9es personnelles que nous traitons dans notre organisation proviennent des sources suivantes : La personne concern\u00e9e elle-m\u00eame<\/p>\n<h2>Quels sont les droits que vous pouvez exercer ?<\/h2>\n<p>&#8211; Nous vous garantissons l&#8217;exercice de vos droits en ce qui concerne le traitement de vos donn\u00e9es personnelles.<br \/>\nEn particulier, nous vous informons que vous avez le droit de :<\/p>\n<ul>\n<li>Obtenir la confirmation que vos donn\u00e9es sont trait\u00e9es.<\/li>\n<li>Exercer le droit d&#8217;acc\u00e8s aux donn\u00e9es personnelles que nous d\u00e9tenons, en obtenant des informations sur les finalit\u00e9s du traitement, la cat\u00e9gorie de donn\u00e9es trait\u00e9es, les destinataires \u00e9ventuels, la dur\u00e9e de conservation, l&#8217;origine des donn\u00e9es et, le cas \u00e9ch\u00e9ant, le profilage ou la prise de d\u00e9cision automatis\u00e9e.<\/li>\n<li>Exercer le droit de rectification. \u00c0 ces fins, nous vous rappelons que les donn\u00e9es personnelles que nous d\u00e9tenons doivent toujours \u00eatre le reflet de la r\u00e9alit\u00e9, n&#8217;h\u00e9sitez donc pas \u00e0 faire usage de votre droit en cas de modification, de changement ou d&#8217;annulation de donn\u00e9es. Vous garantissez que les donn\u00e9es personnelles que vous nous avez fournies par quelque moyen que ce soit sont vraies et exactes, et vous vous engagez \u00e0 nous notifier tout changement ou modification de celles-ci, et vous serez seul responsable de toute perte ou dommage caus\u00e9 \u00e0 la personne responsable ou \u00e0 tout tiers du fait de la communication d&#8217;informations erron\u00e9es, inexactes ou incompl\u00e8tes.<\/li>\n<li>Pour des raisons tenant \u00e0 votre situation particuli\u00e8re, vous pouvez vous opposer au traitement de vos donn\u00e9es, auquel cas notre organisation cessera de traiter les donn\u00e9es, \u00e0 moins qu&#8217;il n&#8217;existe des motifs l\u00e9gitimes de ne pas le faire.<\/li>\n<li>Demander la suppression de vos donn\u00e9es personnelles lorsque, entre autres raisons, elles ne sont plus n\u00e9cessaires aux fins d\u00e9crites ci-dessus ou que nous n&#8217;avons plus la l\u00e9gitimit\u00e9 de les traiter.<\/li>\n<li>Demander la portabilit\u00e9 de vos donn\u00e9es, lorsque le traitement est effectu\u00e9 par des moyens automatis\u00e9s et \u00e0 condition que vous soyez li\u00e9 \u00e0 notre entit\u00e9 sur la base d&#8217;un contrat sign\u00e9 ou que vous ayez donn\u00e9 votre consentement au traitement effectu\u00e9. Dans ce cas, vous avez le droit de recevoir vos donn\u00e9es \u00e0 caract\u00e8re personnel dans un format structur\u00e9, couramment utilis\u00e9 et lisible par machine ou, lorsque cela est techniquement possible, directement \u00e0 un autre responsable du traitement.<\/li>\n<li>Dans certaines circonstances, vous pouvez nous demander de limiter le traitement de vos donn\u00e9es, auquel cas nous ne les conserverons qu&#8217;\u00e0 des fins de poursuite ou de d\u00e9fense.<\/li>\n<li>S&#8217;opposer \u00e0 la prise de d\u00e9cision automatis\u00e9e, y compris le profilage.<\/li>\n<\/ul>\n<p>Ces droits peuvent \u00eatre exerc\u00e9s gratuitement, sauf dans les cas pr\u00e9vus par la loi, au moyen d&#8217;une demande \u00e9crite sign\u00e9e par vous ou, le cas \u00e9ch\u00e9ant, par votre repr\u00e9sentant, adress\u00e9e au responsable du traitement, aux adresses pr\u00e9vues \u00e0 cet effet dans la premi\u00e8re section, ou physiquement dans l&#8217;un de nos \u00e9tablissements.<br \/>\n&#8211; Vous avez \u00e9galement le droit d&#8217;introduire des r\u00e9clamations, soit aupr\u00e8s de l&#8217;Agence espagnole de protection des donn\u00e9es (sur le site https:\/\/www.agpd.es\/), soit aupr\u00e8s de l&#8217;autorit\u00e9 de contr\u00f4le correspondante.<br \/>\n&#8211; Vous pouvez \u00e9galement vous adresser aux tribunaux pour demander une indemnisation.<br \/>\n&#8211; Enfin, vous avez le droit de retirer votre consentement, avec la m\u00eame facilit\u00e9 que celle avec laquelle vous l&#8217;avez donn\u00e9. Pour ce faire, vous pouvez vous rendre sur notre site web, o\u00f9 vous trouverez les informations n\u00e9cessaires pour annuler rapidement et facilement l&#8217;autorisation que vous nous avez donn\u00e9e d&#8217;effectuer ces communications. Vous pouvez \u00e9galement envoyer un courrier \u00e9lectronique \u00e0 l&#8217;adresse indiqu\u00e9e dans la section relative \u00e0 la personne responsable.<br \/>\n&#8211; Nous vous informons \u00e9galement que pour chaque traitement de vos donn\u00e9es personnelles, nous d\u00e9terminons les menaces et les impacts possibles qui peuvent en r\u00e9sulter, en att\u00e9nuant ou en \u00e9liminant, si possible, les dommages potentiels, gr\u00e2ce \u00e0 l&#8217;application des mesures de s\u00e9curit\u00e9 correspondantes, qui sont p\u00e9riodiquement r\u00e9vis\u00e9es pour d\u00e9terminer leur efficacit\u00e9.<\/p>\n<p>Notre syst\u00e8me de contr\u00f4le nous permet \u00e9galement de respecter les principes du traitement de vos donn\u00e9es, en \u00e9tant en mesure de d\u00e9montrer \u00e0 la personne concern\u00e9e le principe de limitation \u00e0 la finalit\u00e9 du traitement, le principe de limitation de la dur\u00e9e de conservation, le principe de minimisation des donn\u00e9es, ainsi que le principe d&#8217;int\u00e9grit\u00e9 et de confidentialit\u00e9.<br \/>\nEnfin, nous vous informons \u00e9galement que vous recevrez p\u00e9riodiquement des enqu\u00eates qui nous permettront de conna\u00eetre votre opinion sur toute suggestion concernant le traitement de vos donn\u00e9es personnelles, ainsi que de pouvoir respecter le principe de transparence et d&#8217;exactitude des donn\u00e9es trait\u00e9es.<\/p>\n<p>Si vous avez des doutes ou des questions, veuillez nous contacter \u00e0 l&#8217;adresse \u00e9lectronique indiqu\u00e9e dans la premi\u00e8re section. Nous vous prions d&#8217;agr\u00e9er, Madame, Monsieur, l&#8217;expression de nos salutations distingu\u00e9es,<br \/>\nLe responsable.[\/vc_column_text]<style>.ld_spacer_69debd6a31238{height:150px;}<\/style>\n<div class=\"ld-empty-space ld_spacer_69debd6a31238\"><\/div>[\/vc_column][\/vc_row]<\/p>\n","protected":false},"excerpt":{"rendered":"<p>[vc_row css=&#8221;.vc_custom_1674144559336{margin-top: 100px !important;}&#8221;][vc_column][vc_column_text] Comment traitons-nous vos donn\u00e9es personnelles ? &#8211; Conform\u00e9ment au r\u00e8glement (UE) 2016\/679 et au projet de loi organique sur la protection des donn\u00e9es personnelles, nous vous informons que vos donn\u00e9es personnelles peuvent faire l&#8217;objet de certains des traitements suivants : TR04 &#8211; Campagnes publicitaires (Base juridique : Ley 34\/1988, de 11 [&hellip;]<\/p>\n","protected":false},"author":1,"featured_media":0,"parent":0,"menu_order":0,"comment_status":"closed","ping_status":"open","template":"","meta":{"footnotes":""},"class_list":["post-7559","page","type-page","status-publish","hentry"],"yoast_head":"<!-- This site is optimized with the Yoast SEO plugin v27.3 - https:\/\/yoast.com\/product\/yoast-seo-wordpress\/ -->\n<title>Politique de confidentialit\u00e9 - Pedro Navarro - Floral Art and Event Styling<\/title>\n<meta name=\"robots\" content=\"index, follow, max-snippet:-1, max-image-preview:large, max-video-preview:-1\" \/>\n<link rel=\"canonical\" href=\"https:\/\/www.pedronavarro.es\/fr\/politique-de-confidentialite\/\" \/>\n<meta property=\"og:locale\" content=\"fr_FR\" \/>\n<meta property=\"og:type\" content=\"article\" \/>\n<meta property=\"og:title\" content=\"Politique de confidentialit\u00e9 - Pedro Navarro - Floral Art and Event Styling\" \/>\n<meta property=\"og:description\" content=\"[vc_row css=&#8221;.vc_custom_1674144559336{margin-top: 100px !important;}&#8221;][vc_column][vc_column_text] Comment traitons-nous vos donn\u00e9es personnelles ? &#8211; Conform\u00e9ment au r\u00e8glement (UE) 2016\/679 et au projet de loi organique sur la protection des donn\u00e9es personnelles, nous vous informons que vos donn\u00e9es personnelles peuvent faire l&#8217;objet de certains des traitements suivants : TR04 &#8211; Campagnes publicitaires (Base juridique : Ley 34\/1988, de 11 [&hellip;]\" \/>\n<meta property=\"og:url\" content=\"https:\/\/www.pedronavarro.es\/fr\/politique-de-confidentialite\/\" \/>\n<meta property=\"og:site_name\" content=\"Pedro Navarro - Floral Art and Event Styling\" \/>\n<meta property=\"article:publisher\" content=\"https:\/\/www.facebook.com\/PedroNavarroES\" \/>\n<meta property=\"article:modified_time\" content=\"2023-12-07T16:07:11+00:00\" \/>\n<meta property=\"og:image\" content=\"https:\/\/www.pedronavarro.es\/wp-content\/uploads\/Logo-Instagram.png\" \/>\n\t<meta property=\"og:image:width\" content=\"320\" \/>\n\t<meta property=\"og:image:height\" content=\"320\" \/>\n\t<meta property=\"og:image:type\" content=\"image\/png\" \/>\n<meta name=\"twitter:card\" content=\"summary_large_image\" \/>\n<meta name=\"twitter:label1\" content=\"Dur\u00e9e de lecture estim\u00e9e\" \/>\n\t<meta name=\"twitter:data1\" content=\"9 minutes\" \/>\n<script type=\"application\/ld+json\" class=\"yoast-schema-graph\">{\"@context\":\"https:\\\/\\\/schema.org\",\"@graph\":[{\"@type\":\"WebPage\",\"@id\":\"https:\\\/\\\/www.pedronavarro.es\\\/fr\\\/politique-de-confidentialite\\\/\",\"url\":\"https:\\\/\\\/www.pedronavarro.es\\\/fr\\\/politique-de-confidentialite\\\/\",\"name\":\"Politique de confidentialit\u00e9 - Pedro Navarro - Floral Art and Event Styling\",\"isPartOf\":{\"@id\":\"https:\\\/\\\/www.pedronavarro.es\\\/fr\\\/#website\"},\"datePublished\":\"2022-02-15T13:47:37+00:00\",\"dateModified\":\"2023-12-07T16:07:11+00:00\",\"breadcrumb\":{\"@id\":\"https:\\\/\\\/www.pedronavarro.es\\\/fr\\\/politique-de-confidentialite\\\/#breadcrumb\"},\"inLanguage\":\"fr-FR\",\"potentialAction\":[{\"@type\":\"ReadAction\",\"target\":[\"https:\\\/\\\/www.pedronavarro.es\\\/fr\\\/politique-de-confidentialite\\\/\"]}]},{\"@type\":\"BreadcrumbList\",\"@id\":\"https:\\\/\\\/www.pedronavarro.es\\\/fr\\\/politique-de-confidentialite\\\/#breadcrumb\",\"itemListElement\":[{\"@type\":\"ListItem\",\"position\":1,\"name\":\"Portada\",\"item\":\"https:\\\/\\\/www.pedronavarro.es\\\/fr\\\/\"},{\"@type\":\"ListItem\",\"position\":2,\"name\":\"Politique de confidentialit\u00e9\"}]},{\"@type\":\"WebSite\",\"@id\":\"https:\\\/\\\/www.pedronavarro.es\\\/fr\\\/#website\",\"url\":\"https:\\\/\\\/www.pedronavarro.es\\\/fr\\\/\",\"name\":\"Pedro Navarro - Floral Art and Event Styling\",\"description\":\"Pedro Navarro - Floral Art and Event Styling in Marbella, Spain\",\"publisher\":{\"@id\":\"https:\\\/\\\/www.pedronavarro.es\\\/fr\\\/#organization\"},\"potentialAction\":[{\"@type\":\"SearchAction\",\"target\":{\"@type\":\"EntryPoint\",\"urlTemplate\":\"https:\\\/\\\/www.pedronavarro.es\\\/fr\\\/?s={search_term_string}\"},\"query-input\":{\"@type\":\"PropertyValueSpecification\",\"valueRequired\":true,\"valueName\":\"search_term_string\"}}],\"inLanguage\":\"fr-FR\"},{\"@type\":\"Organization\",\"@id\":\"https:\\\/\\\/www.pedronavarro.es\\\/fr\\\/#organization\",\"name\":\"PEDRO NAVARRO Floral Art & Event Styling\",\"alternateName\":\"Pedro Navarro Estilismo floral y eventos\",\"url\":\"https:\\\/\\\/www.pedronavarro.es\\\/fr\\\/\",\"logo\":{\"@type\":\"ImageObject\",\"inLanguage\":\"fr-FR\",\"@id\":\"https:\\\/\\\/www.pedronavarro.es\\\/fr\\\/#\\\/schema\\\/logo\\\/image\\\/\",\"url\":\"https:\\\/\\\/www.pedronavarro.es\\\/wp-content\\\/uploads\\\/Logo-Instagram-1.png\",\"contentUrl\":\"https:\\\/\\\/www.pedronavarro.es\\\/wp-content\\\/uploads\\\/Logo-Instagram-1.png\",\"width\":320,\"height\":320,\"caption\":\"PEDRO NAVARRO Floral Art & Event Styling\"},\"image\":{\"@id\":\"https:\\\/\\\/www.pedronavarro.es\\\/fr\\\/#\\\/schema\\\/logo\\\/image\\\/\"},\"sameAs\":[\"https:\\\/\\\/www.facebook.com\\\/PedroNavarroES\",\"https:\\\/\\\/www.instagram.com\\\/pedronavarro_es\\\/\",\"https:\\\/\\\/www.pinterest.com\\\/StudioPedroNavarro\\\/\",\"https:\\\/\\\/www.tiktok.com\\\/@pedronavarro_es?lang=es\"]}]}<\/script>\n<!-- \/ Yoast SEO plugin. -->","yoast_head_json":{"title":"Politique de confidentialit\u00e9 - Pedro Navarro - Floral Art and Event Styling","robots":{"index":"index","follow":"follow","max-snippet":"max-snippet:-1","max-image-preview":"max-image-preview:large","max-video-preview":"max-video-preview:-1"},"canonical":"https:\/\/www.pedronavarro.es\/fr\/politique-de-confidentialite\/","og_locale":"fr_FR","og_type":"article","og_title":"Politique de confidentialit\u00e9 - Pedro Navarro - Floral Art and Event Styling","og_description":"[vc_row css=&#8221;.vc_custom_1674144559336{margin-top: 100px !important;}&#8221;][vc_column][vc_column_text] Comment traitons-nous vos donn\u00e9es personnelles ? &#8211; Conform\u00e9ment au r\u00e8glement (UE) 2016\/679 et au projet de loi organique sur la protection des donn\u00e9es personnelles, nous vous informons que vos donn\u00e9es personnelles peuvent faire l&#8217;objet de certains des traitements suivants : TR04 &#8211; Campagnes publicitaires (Base juridique : Ley 34\/1988, de 11 [&hellip;]","og_url":"https:\/\/www.pedronavarro.es\/fr\/politique-de-confidentialite\/","og_site_name":"Pedro Navarro - Floral Art and Event Styling","article_publisher":"https:\/\/www.facebook.com\/PedroNavarroES","article_modified_time":"2023-12-07T16:07:11+00:00","og_image":[{"width":320,"height":320,"url":"https:\/\/www.pedronavarro.es\/wp-content\/uploads\/Logo-Instagram.png","type":"image\/png"}],"twitter_card":"summary_large_image","twitter_misc":{"Dur\u00e9e de lecture estim\u00e9e":"9 minutes"},"schema":{"@context":"https:\/\/schema.org","@graph":[{"@type":"WebPage","@id":"https:\/\/www.pedronavarro.es\/fr\/politique-de-confidentialite\/","url":"https:\/\/www.pedronavarro.es\/fr\/politique-de-confidentialite\/","name":"Politique de confidentialit\u00e9 - Pedro Navarro - Floral Art and Event Styling","isPartOf":{"@id":"https:\/\/www.pedronavarro.es\/fr\/#website"},"datePublished":"2022-02-15T13:47:37+00:00","dateModified":"2023-12-07T16:07:11+00:00","breadcrumb":{"@id":"https:\/\/www.pedronavarro.es\/fr\/politique-de-confidentialite\/#breadcrumb"},"inLanguage":"fr-FR","potentialAction":[{"@type":"ReadAction","target":["https:\/\/www.pedronavarro.es\/fr\/politique-de-confidentialite\/"]}]},{"@type":"BreadcrumbList","@id":"https:\/\/www.pedronavarro.es\/fr\/politique-de-confidentialite\/#breadcrumb","itemListElement":[{"@type":"ListItem","position":1,"name":"Portada","item":"https:\/\/www.pedronavarro.es\/fr\/"},{"@type":"ListItem","position":2,"name":"Politique de confidentialit\u00e9"}]},{"@type":"WebSite","@id":"https:\/\/www.pedronavarro.es\/fr\/#website","url":"https:\/\/www.pedronavarro.es\/fr\/","name":"Pedro Navarro - Floral Art and Event Styling","description":"Pedro Navarro - Floral Art and Event Styling in Marbella, Spain","publisher":{"@id":"https:\/\/www.pedronavarro.es\/fr\/#organization"},"potentialAction":[{"@type":"SearchAction","target":{"@type":"EntryPoint","urlTemplate":"https:\/\/www.pedronavarro.es\/fr\/?s={search_term_string}"},"query-input":{"@type":"PropertyValueSpecification","valueRequired":true,"valueName":"search_term_string"}}],"inLanguage":"fr-FR"},{"@type":"Organization","@id":"https:\/\/www.pedronavarro.es\/fr\/#organization","name":"PEDRO NAVARRO Floral Art & Event Styling","alternateName":"Pedro Navarro Estilismo floral y eventos","url":"https:\/\/www.pedronavarro.es\/fr\/","logo":{"@type":"ImageObject","inLanguage":"fr-FR","@id":"https:\/\/www.pedronavarro.es\/fr\/#\/schema\/logo\/image\/","url":"https:\/\/www.pedronavarro.es\/wp-content\/uploads\/Logo-Instagram-1.png","contentUrl":"https:\/\/www.pedronavarro.es\/wp-content\/uploads\/Logo-Instagram-1.png","width":320,"height":320,"caption":"PEDRO NAVARRO Floral Art & Event Styling"},"image":{"@id":"https:\/\/www.pedronavarro.es\/fr\/#\/schema\/logo\/image\/"},"sameAs":["https:\/\/www.facebook.com\/PedroNavarroES","https:\/\/www.instagram.com\/pedronavarro_es\/","https:\/\/www.pinterest.com\/StudioPedroNavarro\/","https:\/\/www.tiktok.com\/@pedronavarro_es?lang=es"]}]}},"_links":{"self":[{"href":"https:\/\/www.pedronavarro.es\/fr\/wp-json\/wp\/v2\/pages\/7559","targetHints":{"allow":["GET"]}}],"collection":[{"href":"https:\/\/www.pedronavarro.es\/fr\/wp-json\/wp\/v2\/pages"}],"about":[{"href":"https:\/\/www.pedronavarro.es\/fr\/wp-json\/wp\/v2\/types\/page"}],"author":[{"embeddable":true,"href":"https:\/\/www.pedronavarro.es\/fr\/wp-json\/wp\/v2\/users\/1"}],"replies":[{"embeddable":true,"href":"https:\/\/www.pedronavarro.es\/fr\/wp-json\/wp\/v2\/comments?post=7559"}],"version-history":[{"count":5,"href":"https:\/\/www.pedronavarro.es\/fr\/wp-json\/wp\/v2\/pages\/7559\/revisions"}],"predecessor-version":[{"id":9123,"href":"https:\/\/www.pedronavarro.es\/fr\/wp-json\/wp\/v2\/pages\/7559\/revisions\/9123"}],"wp:attachment":[{"href":"https:\/\/www.pedronavarro.es\/fr\/wp-json\/wp\/v2\/media?parent=7559"}],"curies":[{"name":"wp","href":"https:\/\/api.w.org\/{rel}","templated":true}]}}