{"id":7562,"date":"2022-05-17T12:30:23","date_gmt":"2022-05-17T11:30:23","guid":{"rendered":"https:\/\/www.pedronavarro.es\/?page_id=7562"},"modified":"2025-10-26T23:46:53","modified_gmt":"2025-10-26T22:46:53","slug":"politique-de-cookies","status":"publish","type":"page","link":"https:\/\/www.pedronavarro.es\/fr\/politique-de-cookies\/","title":{"rendered":"Politique de cookies"},"content":{"rendered":"<p>[vc_row css=&#8221;.vc_custom_1674145406165{padding-top: 150px !important;}&#8221;][vc_column]<style>.ld_spacer_69dec0159425b{height:100px;}<\/style>\n<div class=\"ld-empty-space ld_spacer_69dec0159425b\"><\/div>[vc_column_text]<\/p>\n<h1>POLITIQUE DES COOKIES.<\/h1>\n<h2>Introduction. D\u00e9finition et fonction des cookies.<\/h2>\n<p>Un cookie est un fichier qui est t\u00e9l\u00e9charg\u00e9 sur votre ordinateur lorsque vous acc\u00e9dez \u00e0 certains sites web. Les cookies permettent \u00e0 un site web, entre autres, de stocker et de r\u00e9cup\u00e9rer des informations sur les habitudes de navigation d&#8217;un utilisateur ou de son ordinateur et, en fonction des informations qu&#8217;ils contiennent et de la mani\u00e8re dont il utilise son ordinateur, ils peuvent \u00eatre utilis\u00e9s pour reconna\u00eetre l&#8217;utilisateur. Le navigateur de l&#8217;utilisateur m\u00e9morise les cookies sur le disque dur uniquement pendant la session en cours, en occupant un espace m\u00e9moire minimal et sans nuire \u00e0 l&#8217;ordinateur. Les cookies ne contiennent aucune information personnelle sp\u00e9cifique et la plupart d&#8217;entre eux sont supprim\u00e9s du disque dur \u00e0 la fin de la session du navigateur (cookies de session).<br \/>\nLa plupart des navigateurs acceptent les cookies en standard et, ind\u00e9pendamment d&#8217;eux, autorisent ou emp\u00eachent les cookies temporaires ou stock\u00e9s dans les param\u00e8tres de s\u00e9curit\u00e9.<br \/>\nSans votre consentement expr\u00e8s &#8211; en activant les cookies dans votre navigateur &#8211; nous ne relierons pas les donn\u00e9es stock\u00e9es dans les cookies \u00e0 vos donn\u00e9es personnelles fournies au moment de votre demande ou de votre achat.<\/p>\n<h3>Quels types de cookies ce site utilise-t-il ?<\/h3>\n<p><strong>En fonction de l&#8217;entit\u00e9 qui les g\u00e8re :<\/strong><\/p>\n<ul>\n<li>Own Cookies : ce sont ceux qui sont envoy\u00e9s depuis notre propre \u00e9quipement ou domaine.<\/li>\n<li>Cookies de tiers : ce sont ceux qui sont envoy\u00e9s \u00e0 partir d&#8217;un ordinateur ou d&#8217;un domaine qui n&#8217;est pas g\u00e9r\u00e9 par nous, mais par une entit\u00e9 tierce.<\/li>\n<\/ul>\n<p><strong>Ils d\u00e9pendent de la dur\u00e9e pendant laquelle ils restent activ\u00e9s :<\/strong><\/p>\n<ul>\n<li>Cookies de session : il s&#8217;agit de cookies temporaires qui restent dans votre navigateur jusqu&#8217;\u00e0 ce que vous quittiez le site web, sans \u00eatre enregistr\u00e9s sur le disque dur de votre ordinateur ou appareil \u00e9quivalent. Ils sont utilis\u00e9s pour analyser les sch\u00e9mas de trafic sur le site web, ce qui nous permet d&#8217;am\u00e9liorer progressivement le contenu et l&#8217;utilisation du site web.<\/li>\n<li>Cookies persistants : il s&#8217;agit de cookies qui sont stock\u00e9s sur votre disque dur pendant un certain temps et qui sont lus par notre site web \u00e0 chaque nouvelle visite. Ces cookies expirent \u00e0 l&#8217;issue de la p\u00e9riode pr\u00e9\u00e9tablie et sont g\u00e9n\u00e9ralement utilis\u00e9s pour faciliter les services d&#8217;achat et d&#8217;enregistrement.<\/li>\n<\/ul>\n<p><strong>En fonction de leur finalit\u00e9 :<\/strong><\/p>\n<ul>\n<li>Cookies techniques : Ce sont ceux qui permettent \u00e0 l&#8217;utilisateur d&#8217;obtenir une exp\u00e9rience de navigation satisfaisante car ils permettent au site web de fonctionner correctement. Par exemple, ils permettent le contr\u00f4le du trafic et la communication de donn\u00e9es, l&#8217;acc\u00e8s \u00e0 des zones restreintes, la r\u00e9alisation du processus d&#8217;achat ou du formulaire de demande, l&#8217;utilisation d&#8217;\u00e9l\u00e9ments de s\u00e9curit\u00e9, le stockage de contenus pour la diffusion de vid\u00e9os ou le partage de contenus via les r\u00e9seaux sociaux.<\/li>\n<li>Cookies de personnalisation : Ces cookies permettent \u00e0 l&#8217;utilisateur d&#8217;acc\u00e9der au service avec des caract\u00e9ristiques pr\u00e9d\u00e9finies en fonction d&#8217;une s\u00e9rie de crit\u00e8res (langue, type de navigateur \u00e0 travers lequel on acc\u00e8de au service, configuration r\u00e9gionale \u00e0 partir de laquelle on acc\u00e8de au service, etc.)<\/li>\n<li>Cookies d&#8217;analyse : Ce sont ceux qui nous permettent de quantifier le nombre d&#8217;utilisateurs et de r\u00e9aliser ainsi la mesure et l&#8217;analyse statistique de l&#8217;utilisation faite par les utilisateurs des services fournis.<\/li>\n<li>Cookies de publicit\u00e9 : Ce sont ceux qui permettent de g\u00e9rer, de la mani\u00e8re la plus efficace possible, les espaces publicitaires que nous offrons.<\/li>\n<li>Cookies de publicit\u00e9 comportementale : il s&#8217;agit de cookies qui stockent des informations sur le comportement des utilisateurs<br \/>\ninformations sur le comportement des utilisateurs obtenues gr\u00e2ce \u00e0 l&#8217;observation continue de leurs habitudes de navigation, permettant de d\u00e9velopper un profil sp\u00e9cifique pour afficher de la publicit\u00e9 en fonction de celui-ci.<\/li>\n<\/ul>\n<p>Nous d\u00e9taillons ci-dessous les cookies utilis\u00e9s sur notre site web et leur finalit\u00e9 :<\/p>\n<h3>PROPRES COOKIES :<\/h3>\n<table>\n<thead>\n<tr>\n<th>Nom<\/th>\n<th>Type de cookie (technique, personnalisation, publicit\u00e9, analyse, etc.)<\/th>\n<th>S\u00e9ance ou persistante<\/th>\n<th>But<\/th>\n<th>Donn\u00e9es collect\u00e9es<\/th>\n<th>P\u00e9riode de conservation des donn\u00e9es<\/th>\n<th>Utilisation des cookies par des tiers autres que l&#8217;\u00e9diteur<\/th>\n<th>Transferts vers des pays tiers<\/th>\n<\/tr>\n<\/thead>\n<tbody>\n<tr>\n<td>wp-wpml_current_language<\/td>\n<td>Personnalisation<\/td>\n<td>S\u00e9ance<\/td>\n<td>S\u00e9lection de langue<\/td>\n<td>Aucune donn\u00e9e personnelle collect\u00e9e<\/td>\n<td>Lors de la fermeture du navigateur<\/td>\n<td>Non<\/td>\n<td>Non applicable<\/td>\n<\/tr>\n<tr>\n<td>WordPress GDPR:<br \/>\nwordpress_gdpr_first_time, wordpress_gdpr_first_time_url, wordpress_gdpr_cookies_allowed, wordpress_gdpr_cookies_declined, wordpress_gdpr_allowed_services<\/td>\n<td>Personnalisation<\/td>\n<td>Persistante<\/td>\n<td>G\u00e8re les donn\u00e9es concernant la configuration et les pr\u00e9f\u00e9rences de la politique de confidentialit\u00e9 (GDPR) d\u00e9finie par le visiteur.<\/td>\n<td>Aucune donn\u00e9e personnelle collect\u00e9e<\/td>\n<td>Expire dans 6 mois<\/td>\n<td>Non<\/td>\n<td>Non applicable<\/td>\n<\/tr>\n<tr>\n<td>Visual Composer:<br \/>\nvchideactivationmsg,<br \/>\nvchideactivationmsg_vc11<\/td>\n<td>Technique<\/td>\n<td>Persistante<\/td>\n<td>Sauvegarder un num\u00e9ro de version pour les mises \u00e0 jour.<\/td>\n<td>Aucune donn\u00e9e personnelle collect\u00e9e<\/td>\n<td>Expire dans 30 jours.<\/td>\n<td>Non<\/td>\n<td>Non applicable<\/td>\n<\/tr>\n<tr>\n<td>Redux navigation and tabs:<br \/>\nredux_current_tab, redux_current_tab_get, redux_current_tab_liquid_one_opt,<br \/>\nredux_metabox_liquid-page-options_current_tab_liquid_one_opt<\/td>\n<td>Technique<\/td>\n<td>Persistante<\/td>\n<td>Cookie utilis\u00e9e par l&#8217;un des plugins WordPress (le syst\u00e8me utilis\u00e9 par notre site web) pour permettre l&#8217;utilisation des barres de navigation.<\/td>\n<td>Aucune donn\u00e9e personnelle collect\u00e9e<\/td>\n<td>Expire dans 6 jours<\/td>\n<td>Non<\/td>\n<td>Non applicable<\/td>\n<\/tr>\n<\/tbody>\n<\/table>\n<p>*Exclus\/non exclus (de l&#8217;obligation d&#8217;information et de consentement)<\/p>\n<p>**Vous devez savoir que les cookies exclus de l&#8217;obligation d&#8217;information et de consentement sont ceux qui sont strictement n\u00e9cessaires \u00e0 la fourniture d&#8217;un service express\u00e9ment demand\u00e9 par l&#8217;utilisateur ou ceux qui sont n\u00e9cessaires uniquement pour permettre la communication entre l&#8217;\u00e9quipement de l&#8217;utilisateur et le r\u00e9seau, tels que : les cookies de session, les cookies d&#8217;entr\u00e9e utilisateur, les cookies de s\u00e9curit\u00e9 utilisateur, les cookies de session de lecteur multim\u00e9dia, les cookies de session d&#8217;\u00e9quilibrage de charge, certains cookies techniques, les cookies de personnalisation et certains cookies de plug-in.<\/p>\n<h4>COOKIES DE TIERS :<\/h4>\n<table>\n<thead>\n<tr>\n<th>Nom<\/th>\n<th>Type de cookie (technique, personnalisation, publicit\u00e9, analyse, etc.)<\/th>\n<th>S\u00e9ance ou persistante<\/th>\n<th>But<\/th>\n<th>Donn\u00e9es collect\u00e9es<\/th>\n<th>P\u00e9riode de conservation des donn\u00e9es<\/th>\n<th>Utilisation des cookies par des tiers autres que l&#8217;\u00e9diteur<\/th>\n<th>Transferts vers des pays tiers<\/th>\n<\/tr>\n<\/thead>\n<tbody>\n<tr>\n<td><\/td>\n<td><\/td>\n<td><\/td>\n<td><\/td>\n<td><\/td>\n<td><\/td>\n<td><\/td>\n<td><\/td>\n<\/tr>\n<\/tbody>\n<\/table>\n<p>[\/vc_column_text][vc_column_text]Ces listes sont mises \u00e0 jour d\u00e8s que possible lorsqu&#8217;il y a un changement quelconque dans les services offerts sur le site web. Toutefois, il peut arriver que, lors de la mise \u00e0 jour, la liste n&#8217;inclue plus un cookie, bien qu&#8217;elle fasse toujours r\u00e9f\u00e9rence \u00e0 des cookies dont les finalit\u00e9s sont identiques \u00e0 celles des cookies enregistr\u00e9s dans la liste.<\/p>\n<p>Acceptation de l&#8217;utilisation des cookies. Obtention du consentement et mani\u00e8re de d\u00e9sactiver ou de supprimer les cookies.<\/p>\n<p>Lorsque l&#8217;utilisateur acc\u00e8de \u00e0 notre site Web et avant de commencer \u00e0 naviguer, il est averti de l&#8217;utilisation de cookies afin qu&#8217;il puisse donner son consentement par rapport \u00e0 notre politique en mati\u00e8re de cookies en cliquant sur le bouton &#8220;Accepter&#8221; dans la fen\u00eatre d&#8217;information. De cette mani\u00e8re, l&#8217;utilisateur accepte express\u00e9ment le traitement des informations collect\u00e9es de la mani\u00e8re et aux fins susmentionn\u00e9es.<br \/>\nLes cookies exclus de l&#8217;obligation d&#8217;information et de consentement sont ceux qui sont strictement n\u00e9cessaires \u00e0 la fourniture d&#8217;un service express\u00e9ment demand\u00e9 par l&#8217;utilisateur ou ceux qui sont n\u00e9cessaires uniquement pour permettre la communication entre l&#8217;\u00e9quipement de l&#8217;utilisateur et le r\u00e9seau, tels que : les cookies de session, les cookies d&#8217;entr\u00e9e utilisateur, les cookies de s\u00e9curit\u00e9 utilisateur, les cookies de session de lecteur multim\u00e9dia, les cookies de session d&#8217;\u00e9quilibrage de charge, certains cookies techniques, les cookies de personnalisation et certains cookies de plug-in.<\/p>\n<p>Vous pouvez autoriser, bloquer ou supprimer les cookies install\u00e9s sur votre ordinateur en configurant les options du navigateur install\u00e9 sur votre ordinateur :<br \/>\nInternet Explorer: Windows.microsoft.com\/es-xl\/internet-explorer\/delete-manage-cookies#ie=ie-10<br \/>\nFirefox: support.mozilla.org\/es\/kb\/Borrar%20cookies<br \/>\nChrome: support.google.com\/chrome\/answer\/95647?hl=es<br \/>\nSafari: www.apple.com\/es\/privacy\/use-of-cookies\/<br \/>\nOpera: http:\/\/help.opera.com\/Windows\/12.00\/es-ES\/cookies.html<\/p>\n<p>Si vous avez des questions concernant cette politique en mati\u00e8re de cookies, vous pouvez nous contacter en envoyant un e-mail \u00e0 l&#8217;adresse indiqu\u00e9e dans la <a href=\"https:\/\/www.pedronavarro.es\/fr\/politique-de-confidentialite\/\">politique de confidentialit\u00e9<\/a>.[\/vc_column_text]<style>.ld_spacer_69dec01594391{height:100px;}<\/style>\n<div class=\"ld-empty-space ld_spacer_69dec01594391\"><\/div>[\/vc_column][\/vc_row]<\/p>\n","protected":false},"excerpt":{"rendered":"<p>[vc_row css=&#8221;.vc_custom_1674145406165{padding-top: 150px !important;}&#8221;][vc_column][vc_column_text] POLITIQUE DES COOKIES. Introduction. D\u00e9finition et fonction des cookies. Un cookie est un fichier qui est t\u00e9l\u00e9charg\u00e9 sur votre ordinateur lorsque vous acc\u00e9dez \u00e0 certains sites web. Les cookies permettent \u00e0 un site web, entre autres, de stocker et de r\u00e9cup\u00e9rer des informations sur les habitudes de navigation d&#8217;un utilisateur ou [&hellip;]<\/p>\n","protected":false},"author":1,"featured_media":0,"parent":0,"menu_order":0,"comment_status":"closed","ping_status":"closed","template":"","meta":{"footnotes":""},"class_list":["post-7562","page","type-page","status-publish","hentry"],"yoast_head":"<!-- This site is optimized with the Yoast SEO plugin v27.3 - https:\/\/yoast.com\/product\/yoast-seo-wordpress\/ -->\n<title>Politique de cookies - Pedro Navarro - Floral Art and Event Styling<\/title>\n<meta name=\"robots\" content=\"index, follow, max-snippet:-1, max-image-preview:large, max-video-preview:-1\" \/>\n<link rel=\"canonical\" href=\"https:\/\/www.pedronavarro.es\/fr\/politique-de-cookies\/\" \/>\n<meta property=\"og:locale\" content=\"fr_FR\" \/>\n<meta property=\"og:type\" content=\"article\" \/>\n<meta property=\"og:title\" content=\"Politique de cookies - Pedro Navarro - Floral Art and Event Styling\" \/>\n<meta property=\"og:description\" content=\"[vc_row css=&#8221;.vc_custom_1674145406165{padding-top: 150px !important;}&#8221;][vc_column][vc_column_text] POLITIQUE DES COOKIES. Introduction. D\u00e9finition et fonction des cookies. Un cookie est un fichier qui est t\u00e9l\u00e9charg\u00e9 sur votre ordinateur lorsque vous acc\u00e9dez \u00e0 certains sites web. Les cookies permettent \u00e0 un site web, entre autres, de stocker et de r\u00e9cup\u00e9rer des informations sur les habitudes de navigation d&#8217;un utilisateur ou [&hellip;]\" \/>\n<meta property=\"og:url\" content=\"https:\/\/www.pedronavarro.es\/fr\/politique-de-cookies\/\" \/>\n<meta property=\"og:site_name\" content=\"Pedro Navarro - Floral Art and Event Styling\" \/>\n<meta property=\"article:publisher\" content=\"https:\/\/www.facebook.com\/PedroNavarroES\" \/>\n<meta property=\"article:modified_time\" content=\"2025-10-26T22:46:53+00:00\" \/>\n<meta property=\"og:image\" content=\"https:\/\/www.pedronavarro.es\/wp-content\/uploads\/Logo-Instagram.png\" \/>\n\t<meta property=\"og:image:width\" content=\"320\" \/>\n\t<meta property=\"og:image:height\" content=\"320\" \/>\n\t<meta property=\"og:image:type\" content=\"image\/png\" \/>\n<meta name=\"twitter:card\" content=\"summary_large_image\" \/>\n<meta name=\"twitter:label1\" content=\"Dur\u00e9e de lecture estim\u00e9e\" \/>\n\t<meta name=\"twitter:data1\" content=\"6 minutes\" \/>\n<script type=\"application\/ld+json\" class=\"yoast-schema-graph\">{\"@context\":\"https:\\\/\\\/schema.org\",\"@graph\":[{\"@type\":\"WebPage\",\"@id\":\"https:\\\/\\\/www.pedronavarro.es\\\/fr\\\/politique-de-cookies\\\/\",\"url\":\"https:\\\/\\\/www.pedronavarro.es\\\/fr\\\/politique-de-cookies\\\/\",\"name\":\"Politique de cookies - Pedro Navarro - Floral Art and Event Styling\",\"isPartOf\":{\"@id\":\"https:\\\/\\\/www.pedronavarro.es\\\/fr\\\/#website\"},\"datePublished\":\"2022-05-17T11:30:23+00:00\",\"dateModified\":\"2025-10-26T22:46:53+00:00\",\"breadcrumb\":{\"@id\":\"https:\\\/\\\/www.pedronavarro.es\\\/fr\\\/politique-de-cookies\\\/#breadcrumb\"},\"inLanguage\":\"fr-FR\",\"potentialAction\":[{\"@type\":\"ReadAction\",\"target\":[\"https:\\\/\\\/www.pedronavarro.es\\\/fr\\\/politique-de-cookies\\\/\"]}]},{\"@type\":\"BreadcrumbList\",\"@id\":\"https:\\\/\\\/www.pedronavarro.es\\\/fr\\\/politique-de-cookies\\\/#breadcrumb\",\"itemListElement\":[{\"@type\":\"ListItem\",\"position\":1,\"name\":\"Portada\",\"item\":\"https:\\\/\\\/www.pedronavarro.es\\\/fr\\\/\"},{\"@type\":\"ListItem\",\"position\":2,\"name\":\"Politique de cookies\"}]},{\"@type\":\"WebSite\",\"@id\":\"https:\\\/\\\/www.pedronavarro.es\\\/fr\\\/#website\",\"url\":\"https:\\\/\\\/www.pedronavarro.es\\\/fr\\\/\",\"name\":\"Pedro Navarro - Floral Art and Event Styling\",\"description\":\"Pedro Navarro - Floral Art and Event Styling in Marbella, Spain\",\"publisher\":{\"@id\":\"https:\\\/\\\/www.pedronavarro.es\\\/fr\\\/#organization\"},\"potentialAction\":[{\"@type\":\"SearchAction\",\"target\":{\"@type\":\"EntryPoint\",\"urlTemplate\":\"https:\\\/\\\/www.pedronavarro.es\\\/fr\\\/?s={search_term_string}\"},\"query-input\":{\"@type\":\"PropertyValueSpecification\",\"valueRequired\":true,\"valueName\":\"search_term_string\"}}],\"inLanguage\":\"fr-FR\"},{\"@type\":\"Organization\",\"@id\":\"https:\\\/\\\/www.pedronavarro.es\\\/fr\\\/#organization\",\"name\":\"PEDRO NAVARRO Floral Art & Event Styling\",\"alternateName\":\"Pedro Navarro Estilismo floral y eventos\",\"url\":\"https:\\\/\\\/www.pedronavarro.es\\\/fr\\\/\",\"logo\":{\"@type\":\"ImageObject\",\"inLanguage\":\"fr-FR\",\"@id\":\"https:\\\/\\\/www.pedronavarro.es\\\/fr\\\/#\\\/schema\\\/logo\\\/image\\\/\",\"url\":\"https:\\\/\\\/www.pedronavarro.es\\\/wp-content\\\/uploads\\\/Logo-Instagram-1.png\",\"contentUrl\":\"https:\\\/\\\/www.pedronavarro.es\\\/wp-content\\\/uploads\\\/Logo-Instagram-1.png\",\"width\":320,\"height\":320,\"caption\":\"PEDRO NAVARRO Floral Art & Event Styling\"},\"image\":{\"@id\":\"https:\\\/\\\/www.pedronavarro.es\\\/fr\\\/#\\\/schema\\\/logo\\\/image\\\/\"},\"sameAs\":[\"https:\\\/\\\/www.facebook.com\\\/PedroNavarroES\",\"https:\\\/\\\/www.instagram.com\\\/pedronavarro_es\\\/\",\"https:\\\/\\\/www.pinterest.com\\\/StudioPedroNavarro\\\/\",\"https:\\\/\\\/www.tiktok.com\\\/@pedronavarro_es?lang=es\"]}]}<\/script>\n<!-- \/ Yoast SEO plugin. -->","yoast_head_json":{"title":"Politique de cookies - Pedro Navarro - Floral Art and Event Styling","robots":{"index":"index","follow":"follow","max-snippet":"max-snippet:-1","max-image-preview":"max-image-preview:large","max-video-preview":"max-video-preview:-1"},"canonical":"https:\/\/www.pedronavarro.es\/fr\/politique-de-cookies\/","og_locale":"fr_FR","og_type":"article","og_title":"Politique de cookies - Pedro Navarro - Floral Art and Event Styling","og_description":"[vc_row css=&#8221;.vc_custom_1674145406165{padding-top: 150px !important;}&#8221;][vc_column][vc_column_text] POLITIQUE DES COOKIES. Introduction. D\u00e9finition et fonction des cookies. Un cookie est un fichier qui est t\u00e9l\u00e9charg\u00e9 sur votre ordinateur lorsque vous acc\u00e9dez \u00e0 certains sites web. Les cookies permettent \u00e0 un site web, entre autres, de stocker et de r\u00e9cup\u00e9rer des informations sur les habitudes de navigation d&#8217;un utilisateur ou [&hellip;]","og_url":"https:\/\/www.pedronavarro.es\/fr\/politique-de-cookies\/","og_site_name":"Pedro Navarro - Floral Art and Event Styling","article_publisher":"https:\/\/www.facebook.com\/PedroNavarroES","article_modified_time":"2025-10-26T22:46:53+00:00","og_image":[{"width":320,"height":320,"url":"https:\/\/www.pedronavarro.es\/wp-content\/uploads\/Logo-Instagram.png","type":"image\/png"}],"twitter_card":"summary_large_image","twitter_misc":{"Dur\u00e9e de lecture estim\u00e9e":"6 minutes"},"schema":{"@context":"https:\/\/schema.org","@graph":[{"@type":"WebPage","@id":"https:\/\/www.pedronavarro.es\/fr\/politique-de-cookies\/","url":"https:\/\/www.pedronavarro.es\/fr\/politique-de-cookies\/","name":"Politique de cookies - Pedro Navarro - Floral Art and Event Styling","isPartOf":{"@id":"https:\/\/www.pedronavarro.es\/fr\/#website"},"datePublished":"2022-05-17T11:30:23+00:00","dateModified":"2025-10-26T22:46:53+00:00","breadcrumb":{"@id":"https:\/\/www.pedronavarro.es\/fr\/politique-de-cookies\/#breadcrumb"},"inLanguage":"fr-FR","potentialAction":[{"@type":"ReadAction","target":["https:\/\/www.pedronavarro.es\/fr\/politique-de-cookies\/"]}]},{"@type":"BreadcrumbList","@id":"https:\/\/www.pedronavarro.es\/fr\/politique-de-cookies\/#breadcrumb","itemListElement":[{"@type":"ListItem","position":1,"name":"Portada","item":"https:\/\/www.pedronavarro.es\/fr\/"},{"@type":"ListItem","position":2,"name":"Politique de cookies"}]},{"@type":"WebSite","@id":"https:\/\/www.pedronavarro.es\/fr\/#website","url":"https:\/\/www.pedronavarro.es\/fr\/","name":"Pedro Navarro - Floral Art and Event Styling","description":"Pedro Navarro - Floral Art and Event Styling in Marbella, Spain","publisher":{"@id":"https:\/\/www.pedronavarro.es\/fr\/#organization"},"potentialAction":[{"@type":"SearchAction","target":{"@type":"EntryPoint","urlTemplate":"https:\/\/www.pedronavarro.es\/fr\/?s={search_term_string}"},"query-input":{"@type":"PropertyValueSpecification","valueRequired":true,"valueName":"search_term_string"}}],"inLanguage":"fr-FR"},{"@type":"Organization","@id":"https:\/\/www.pedronavarro.es\/fr\/#organization","name":"PEDRO NAVARRO Floral Art & Event Styling","alternateName":"Pedro Navarro Estilismo floral y eventos","url":"https:\/\/www.pedronavarro.es\/fr\/","logo":{"@type":"ImageObject","inLanguage":"fr-FR","@id":"https:\/\/www.pedronavarro.es\/fr\/#\/schema\/logo\/image\/","url":"https:\/\/www.pedronavarro.es\/wp-content\/uploads\/Logo-Instagram-1.png","contentUrl":"https:\/\/www.pedronavarro.es\/wp-content\/uploads\/Logo-Instagram-1.png","width":320,"height":320,"caption":"PEDRO NAVARRO Floral Art & Event Styling"},"image":{"@id":"https:\/\/www.pedronavarro.es\/fr\/#\/schema\/logo\/image\/"},"sameAs":["https:\/\/www.facebook.com\/PedroNavarroES","https:\/\/www.instagram.com\/pedronavarro_es\/","https:\/\/www.pinterest.com\/StudioPedroNavarro\/","https:\/\/www.tiktok.com\/@pedronavarro_es?lang=es"]}]}},"_links":{"self":[{"href":"https:\/\/www.pedronavarro.es\/fr\/wp-json\/wp\/v2\/pages\/7562","targetHints":{"allow":["GET"]}}],"collection":[{"href":"https:\/\/www.pedronavarro.es\/fr\/wp-json\/wp\/v2\/pages"}],"about":[{"href":"https:\/\/www.pedronavarro.es\/fr\/wp-json\/wp\/v2\/types\/page"}],"author":[{"embeddable":true,"href":"https:\/\/www.pedronavarro.es\/fr\/wp-json\/wp\/v2\/users\/1"}],"replies":[{"embeddable":true,"href":"https:\/\/www.pedronavarro.es\/fr\/wp-json\/wp\/v2\/comments?post=7562"}],"version-history":[{"count":8,"href":"https:\/\/www.pedronavarro.es\/fr\/wp-json\/wp\/v2\/pages\/7562\/revisions"}],"predecessor-version":[{"id":9115,"href":"https:\/\/www.pedronavarro.es\/fr\/wp-json\/wp\/v2\/pages\/7562\/revisions\/9115"}],"wp:attachment":[{"href":"https:\/\/www.pedronavarro.es\/fr\/wp-json\/wp\/v2\/media?parent=7562"}],"curies":[{"name":"wp","href":"https:\/\/api.w.org\/{rel}","templated":true}]}}