{"id":7604,"date":"2022-12-27T17:23:44","date_gmt":"2022-12-27T16:23:44","guid":{"rendered":"https:\/\/www.pedronavarro.es\/?page_id=7604"},"modified":"2023-02-03T10:19:38","modified_gmt":"2023-02-03T09:19:38","slug":"comment-nous-travaillons","status":"publish","type":"page","link":"https:\/\/www.pedronavarro.es\/fr\/comment-nous-travaillons\/","title":{"rendered":"Comment nous travaillons"},"content":{"rendered":"<p>[vc_row content_placement=&#8221;middle&#8221; responsive_css=&#8221;padding_top_medium:110px|padding_bottom_medium:75px&#8221; css=&#8221;.vc_custom_1622015720342{padding-top: 70px !important;padding-bottom: 35px !important;}&#8221; el_id=&#8221;solutions&#8221;][vc_column offset=&#8221;vc_col-lg-5 vc_col-md-6&#8243;]<style>.ld_fancy_heading_69e0ad2df179c h6{color:rgb(0, 0, 0);background:rgb(235, 239, 241);}.ld_fancy_heading_69e0ad2df179c h6 {font-size:12px; } .ld_fancy_heading_69e0ad2df179c h6 {font-weight:700; } .ld_fancy_heading_69e0ad2df179c h6 {letter-spacing:0.1em; } .ld_fancy_heading_69e0ad2df179c h6 {padding-top:4px !important; padding-right:11px !important; padding-bottom:4px !important; padding-left:11px !important;  } .ld_fancy_heading_69e0ad2df179c h6 {margin-bottom:1.75em !important;  } .ld_fancy_heading_69e0ad2df179c .lqd-highlight-inner{height:0.275em!important;bottom:0px!important;}.ld_fancy_heading_69e0ad2df179c h6 {font-size:12px; } .ld_fancy_heading_69e0ad2df179c h6 {font-weight:700; } .ld_fancy_heading_69e0ad2df179c h6 {letter-spacing:0.1em; } .ld_fancy_heading_69e0ad2df179c h6 {padding-top:4px !important; padding-right:11px !important; padding-bottom:4px !important; padding-left:11px !important;  } .ld_fancy_heading_69e0ad2df179c h6 {margin-bottom:1.75em !important;  } <\/style><div class=\"ld-fancy-heading ld-fh-has-fill text-uppercase ld_fancy_heading_69e0ad2df179c\">\n\t<h6 class=\"ld-fh-element circle lqd-highlight-underline lqd-highlight-grow-left text-decoration-default\"   >  LE PROCESSUS<\/h6><\/div><style>.ld_fancy_heading_69e0ad2df3ab6 h2 {margin-bottom:0.85em !important;  } .ld_fancy_heading_69e0ad2df3ab6 .lqd-highlight-inner{height:0.275em!important;bottom:0px!important;}.ld_fancy_heading_69e0ad2df3ab6 h2 {margin-bottom:0.85em !important;  } <\/style><div class=\"ld-fancy-heading ld_fancy_heading_69e0ad2df3ab6\">\n\t<h2 class=\"ld-fh-element lqd-highlight-underline lqd-highlight-grow-left text-decoration-default\"   >  <span style=\"font-size: 15px;line-height: 1.6em\">Les moments de stylisation d&#8217;un \u00e9v\u00e9nement dans lequel nous intervenons<br \/>\n<\/span><\/h2><\/div><style>.ld_icon_box_69e0ad2e01721 .iconbox-icon-container{color:rgb(21, 81, 83);font-size:15px;width:47px !important;height:47px !important;background:rgb(255, 255, 255);border-radius:px;}.ld_icon_box_69e0ad2e01721:hover .iconbox-icon-container{color:rgb(255, 255, 255);}.ld_icon_box_69e0ad2e01721 .iconbox-icon-wrap{margin-inline-end:22px !important;}.ld_icon_box_69e0ad2e01721 .iconbox-icon-container:before{border-color:rgb(255, 255, 255);}.ld_icon_box_69e0ad2e01721 .iconbox-icon-container .iconbox-icon-hover-bg{background:rgb(21, 81, 83);}.ld_icon_box_69e0ad2e01721:hover .iconbox-icon-container:before{border-color:rgb(21, 81, 83);}.ld_icon_box_69e0ad2e01721 .lqd-iconbox-title{margin-bottom:15px;font-size:17px;}<\/style>\n<div class=\"iconbox iconbox-side text-left iconbox-icon-shadow iconbox-circle iconbox-icon-linked ld_icon_box_69e0ad2e01721 vc_custom_1675415781075\" id=\"ld_icon_box_69e0ad2e01721\"  data-animate-icon=\"true\" data-plugin-options='{\"color\":\"rgb(21, 81, 83)\",\"hoverColor\":\"rgb(255, 255, 255)\"}'  >\n\t\n\t\t\t\t\t\n\t\n\t<div class=\"iconbox-icon-wrap\"><span class=\"iconbox-icon-container\"><span class=\"iconbox-icon-hover-bg\"><\/span><i class=\"lqd-icn-ess icon-num-1\"><\/i><\/span><\/div>\t\n\t\t\n\t<div class=\"contents\">\t\n\t\t\n\t<h3 class=\"lqd-iconbox-title \">Projet de d\u00e9coration<\/h3>\t<p><span style=\"font-size: 15px;line-height: 1.6em\">Nous pr\u00e9parons un projet de style et de d\u00e9coration d&#8217;\u00e9v\u00e9nement dans lequel vous trouverez une proposition viable pour votre \u00e9v\u00e9nement, avec tous les d\u00e9tails de d\u00e9coration n\u00e9cessaires pour cr\u00e9er un environnement qui r\u00e9sonne avec votre style.<br \/>\n<\/span><\/p>\n\t\t\n\t<\/div>\t\n\t\n<\/div>\n<style>.ld_icon_box_69e0ad2e043b4 .iconbox-icon-container{color:rgb(21, 81, 83);font-size:15px;width:47px !important;height:47px !important;background:rgb(255, 255, 255);border-radius:px;}.ld_icon_box_69e0ad2e043b4:hover .iconbox-icon-container{color:rgb(255, 255, 255);}.ld_icon_box_69e0ad2e043b4 .iconbox-icon-wrap{margin-inline-end:22px !important;}.ld_icon_box_69e0ad2e043b4 .iconbox-icon-container:before{border-color:rgb(255, 255, 255);}.ld_icon_box_69e0ad2e043b4 .iconbox-icon-container .iconbox-icon-hover-bg{background:rgb(21, 81, 83);}.ld_icon_box_69e0ad2e043b4:hover .iconbox-icon-container:before{border-color:rgb(21, 81, 83);}.ld_icon_box_69e0ad2e043b4 .lqd-iconbox-title{margin-bottom:15px;font-size:17px;}<\/style>\n<div class=\"iconbox iconbox-side text-left iconbox-icon-shadow iconbox-circle iconbox-icon-linked ld_icon_box_69e0ad2e043b4 vc_custom_1675415842306\" id=\"ld_icon_box_69e0ad2e043b4\"  data-animate-icon=\"true\" data-plugin-options='{\"color\":\"rgb(21, 81, 83)\",\"hoverColor\":\"rgb(255, 255, 255)\"}'  >\n\t\n\t\t\t\t\t\n\t\n\t<div class=\"iconbox-icon-wrap\"><span class=\"iconbox-icon-container\"><span class=\"iconbox-icon-hover-bg\"><\/span><i class=\"lqd-icn-ess icon-num-2\"><\/i><\/span><\/div>\t\n\t\t\n\t<div class=\"contents\">\t\n\t\t\n\t<h3 class=\"lqd-iconbox-title \">Consultation d'am\u00e9nagement<\/h3>\t<p><span style=\"font-size: 15px;line-height: 1.6em\">Si vous souhaitez que nous r\u00e9alisions le Styling Project pour votre \u00e9v\u00e9nement, vous pouvez v\u00e9rifier nos disponibilit\u00e9s pour le r\u00e9aliser ainsi que le mat\u00e9riel n\u00e9cessaire.<br \/>\n<\/span><\/p>\n\t\t\n\t<\/div>\t\n\t\n<\/div>\n<style>.ld_icon_box_69e0ad2e064a9 .iconbox-icon-container{color:rgb(21, 81, 83);font-size:15px;width:47px !important;height:47px !important;background:rgb(255, 255, 255);border-radius:px;}.ld_icon_box_69e0ad2e064a9:hover .iconbox-icon-container{color:rgb(255, 255, 255);}.ld_icon_box_69e0ad2e064a9 .iconbox-icon-wrap{margin-inline-end:22px !important;}.ld_icon_box_69e0ad2e064a9 .iconbox-icon-container:before{border-color:rgb(255, 255, 255);}.ld_icon_box_69e0ad2e064a9 .iconbox-icon-container .iconbox-icon-hover-bg{background:rgb(21, 81, 83);}.ld_icon_box_69e0ad2e064a9:hover .iconbox-icon-container:before{border-color:rgb(21, 81, 83);}.ld_icon_box_69e0ad2e064a9 .lqd-iconbox-title{margin-bottom:15px;font-size:17px;}<\/style>\n<div class=\"iconbox iconbox-side text-left iconbox-icon-shadow iconbox-circle ld_icon_box_69e0ad2e064a9 vc_custom_1675415884520\" id=\"ld_icon_box_69e0ad2e064a9\"  data-animate-icon=\"true\" data-plugin-options='{\"color\":\"rgb(21, 81, 83)\",\"hoverColor\":\"rgb(255, 255, 255)\"}'  >\n\t\n\t\t\t\t\t\n\t\n\t<div class=\"iconbox-icon-wrap\"><span class=\"iconbox-icon-container\"><span class=\"iconbox-icon-hover-bg\"><\/span><i class=\"lqd-icn-ess icon-num-3\"><\/i><\/span><\/div>\t\n\t\t\n\t<div class=\"contents\">\t\n\t\t\n\t<h3 class=\"lqd-iconbox-title \">Confirmation<\/h3>\t<p><span style=\"font-size: 15px;line-height: 1.6em\">Une fois notre disponibilit\u00e9 confirm\u00e9e, vous pouvez confirmer la r\u00e9alisation du projet de stylisme pour votre \u00e9v\u00e9nement. Gardez \u00e0 l&#8217;esprit qu&#8217;il est n\u00e9cessaire de respecter les d\u00e9lais et les exigences \u00e9tablis afin qu&#8217;il puisse \u00eatre r\u00e9alis\u00e9 selon ce qui \u00e9tait pr\u00e9vu.<br \/>\n<\/span><\/p>\n\t\t\n\t<\/div>\t\n\t\n<\/div>\n[\/vc_column][vc_column column_top_ontablet=&#8221;yes&#8221; column_top_onmobile=&#8221;yes&#8221; offset=&#8221;vc_col-md-offset-1 vc_col-md-6&#8243; responsive_css=&#8221;margin_bottom_medium:0px&#8221; css=&#8221;.vc_custom_1621859483629{margin-bottom: 30px !important;}&#8221;]<style>.ld_images_group_element_69e0ad2e0710b{border-radius:15px;}<\/style><div id=\"ld_images_group_element_69e0ad2e0710b\" class=\"lqd-imggrp-single ld_images_group_element_69e0ad2e0710b\" data-shadow-style=\"3\" data-roundness=\"custom\"  >\n\t\n\t<div class=\"lqd-imggrp-img-container\"    >\n\t\t\n\t\t\t\t\n\t\t\t\t<figure ><img decoding=\"async\" width=\"450\" height=\"675\" src=\"https:\/\/www.pedronavarro.es\/wp-content\/uploads\/Pedro-Navarro_StyleMePretty_20190606_Glamorous-Pastel-Wedding_Intro.jpg\" srcset=\"https:\/\/www.pedronavarro.es\/wp-content\/uploads\/Pedro-Navarro_StyleMePretty_20190606_Glamorous-Pastel-Wedding_Intro-200x300.jpg 200w, https:\/\/www.pedronavarro.es\/wp-content\/uploads\/Pedro-Navarro_StyleMePretty_20190606_Glamorous-Pastel-Wedding_Intro-683x1024.jpg 683w, https:\/\/www.pedronavarro.es\/wp-content\/uploads\/Pedro-Navarro_StyleMePretty_20190606_Glamorous-Pastel-Wedding_Intro.jpg 900w\" class=\"\" alt=\"\" itemprop=\"image\" \/><\/figure>\t\t\t\t\t\t\t\t\n\t<\/div><!-- \/.lqd-imggrp-content -->\n<\/div><!-- \/.lqd-imggrp-single -->[\/vc_column][\/vc_row]<\/p>\n","protected":false},"excerpt":{"rendered":"<p>[vc_row content_placement=&#8221;middle&#8221; responsive_css=&#8221;padding_top_medium:110px|padding_bottom_medium:75px&#8221; css=&#8221;.vc_custom_1622015720342{padding-top: 70px !important;padding-bottom: 35px !important;}&#8221; el_id=&#8221;solutions&#8221;][vc_column offset=&#8221;vc_col-lg-5 vc_col-md-6&#8243;][\/vc_column][vc_column column_top_ontablet=&#8221;yes&#8221; column_top_onmobile=&#8221;yes&#8221; offset=&#8221;vc_col-md-offset-1 vc_col-md-6&#8243; responsive_css=&#8221;margin_bottom_medium:0px&#8221; css=&#8221;.vc_custom_1621859483629{margin-bottom: 30px !important;}&#8221;][\/vc_column][\/vc_row]<\/p>\n","protected":false},"author":1,"featured_media":0,"parent":0,"menu_order":0,"comment_status":"closed","ping_status":"closed","template":"","meta":{"footnotes":""},"class_list":["post-7604","page","type-page","status-publish","hentry"],"yoast_head":"<!-- This site is optimized with the Yoast SEO plugin v27.3 - https:\/\/yoast.com\/product\/yoast-seo-wordpress\/ -->\n<title>Comment nous travaillons - Pedro Navarro - Floral Art and Event Styling<\/title>\n<meta name=\"robots\" content=\"index, follow, max-snippet:-1, max-image-preview:large, max-video-preview:-1\" \/>\n<link rel=\"canonical\" href=\"https:\/\/www.pedronavarro.es\/fr\/comment-nous-travaillons\/\" \/>\n<meta property=\"og:locale\" content=\"fr_FR\" \/>\n<meta property=\"og:type\" content=\"article\" \/>\n<meta property=\"og:title\" content=\"Comment nous travaillons - Pedro Navarro - Floral Art and Event Styling\" \/>\n<meta property=\"og:description\" content=\"[vc_row content_placement=&#8221;middle&#8221; responsive_css=&#8221;padding_top_medium:110px|padding_bottom_medium:75px&#8221; css=&#8221;.vc_custom_1622015720342{padding-top: 70px !important;padding-bottom: 35px !important;}&#8221; el_id=&#8221;solutions&#8221;][vc_column offset=&#8221;vc_col-lg-5 vc_col-md-6&#8243;][\/vc_column][vc_column column_top_ontablet=&#8221;yes&#8221; column_top_onmobile=&#8221;yes&#8221; offset=&#8221;vc_col-md-offset-1 vc_col-md-6&#8243; responsive_css=&#8221;margin_bottom_medium:0px&#8221; css=&#8221;.vc_custom_1621859483629{margin-bottom: 30px !important;}&#8221;][\/vc_column][\/vc_row]\" \/>\n<meta property=\"og:url\" content=\"https:\/\/www.pedronavarro.es\/fr\/comment-nous-travaillons\/\" \/>\n<meta property=\"og:site_name\" content=\"Pedro Navarro - Floral Art and Event Styling\" \/>\n<meta property=\"article:publisher\" content=\"https:\/\/www.facebook.com\/PedroNavarroES\" \/>\n<meta property=\"article:modified_time\" content=\"2023-02-03T09:19:38+00:00\" \/>\n<meta property=\"og:image\" content=\"https:\/\/www.pedronavarro.es\/wp-content\/uploads\/Logo-Instagram.png\" \/>\n\t<meta property=\"og:image:width\" content=\"320\" \/>\n\t<meta property=\"og:image:height\" content=\"320\" \/>\n\t<meta property=\"og:image:type\" content=\"image\/png\" \/>\n<meta name=\"twitter:card\" content=\"summary_large_image\" \/>\n<meta name=\"twitter:label1\" content=\"Dur\u00e9e de lecture estim\u00e9e\" \/>\n\t<meta name=\"twitter:data1\" content=\"3 minutes\" \/>\n<script type=\"application\/ld+json\" class=\"yoast-schema-graph\">{\"@context\":\"https:\\\/\\\/schema.org\",\"@graph\":[{\"@type\":\"WebPage\",\"@id\":\"https:\\\/\\\/www.pedronavarro.es\\\/fr\\\/comment-nous-travaillons\\\/\",\"url\":\"https:\\\/\\\/www.pedronavarro.es\\\/fr\\\/comment-nous-travaillons\\\/\",\"name\":\"Comment nous travaillons - Pedro Navarro - Floral Art and Event Styling\",\"isPartOf\":{\"@id\":\"https:\\\/\\\/www.pedronavarro.es\\\/fr\\\/#website\"},\"datePublished\":\"2022-12-27T16:23:44+00:00\",\"dateModified\":\"2023-02-03T09:19:38+00:00\",\"breadcrumb\":{\"@id\":\"https:\\\/\\\/www.pedronavarro.es\\\/fr\\\/comment-nous-travaillons\\\/#breadcrumb\"},\"inLanguage\":\"fr-FR\",\"potentialAction\":[{\"@type\":\"ReadAction\",\"target\":[\"https:\\\/\\\/www.pedronavarro.es\\\/fr\\\/comment-nous-travaillons\\\/\"]}]},{\"@type\":\"BreadcrumbList\",\"@id\":\"https:\\\/\\\/www.pedronavarro.es\\\/fr\\\/comment-nous-travaillons\\\/#breadcrumb\",\"itemListElement\":[{\"@type\":\"ListItem\",\"position\":1,\"name\":\"Portada\",\"item\":\"https:\\\/\\\/www.pedronavarro.es\\\/fr\\\/\"},{\"@type\":\"ListItem\",\"position\":2,\"name\":\"Comment nous travaillons\"}]},{\"@type\":\"WebSite\",\"@id\":\"https:\\\/\\\/www.pedronavarro.es\\\/fr\\\/#website\",\"url\":\"https:\\\/\\\/www.pedronavarro.es\\\/fr\\\/\",\"name\":\"Pedro Navarro - Floral Art and Event Styling\",\"description\":\"Pedro Navarro - Floral Art and Event Styling in Marbella, Spain\",\"publisher\":{\"@id\":\"https:\\\/\\\/www.pedronavarro.es\\\/fr\\\/#organization\"},\"potentialAction\":[{\"@type\":\"SearchAction\",\"target\":{\"@type\":\"EntryPoint\",\"urlTemplate\":\"https:\\\/\\\/www.pedronavarro.es\\\/fr\\\/?s={search_term_string}\"},\"query-input\":{\"@type\":\"PropertyValueSpecification\",\"valueRequired\":true,\"valueName\":\"search_term_string\"}}],\"inLanguage\":\"fr-FR\"},{\"@type\":\"Organization\",\"@id\":\"https:\\\/\\\/www.pedronavarro.es\\\/fr\\\/#organization\",\"name\":\"PEDRO NAVARRO Floral Art & Event Styling\",\"alternateName\":\"Pedro Navarro Estilismo floral y eventos\",\"url\":\"https:\\\/\\\/www.pedronavarro.es\\\/fr\\\/\",\"logo\":{\"@type\":\"ImageObject\",\"inLanguage\":\"fr-FR\",\"@id\":\"https:\\\/\\\/www.pedronavarro.es\\\/fr\\\/#\\\/schema\\\/logo\\\/image\\\/\",\"url\":\"https:\\\/\\\/www.pedronavarro.es\\\/wp-content\\\/uploads\\\/Logo-Instagram-1.png\",\"contentUrl\":\"https:\\\/\\\/www.pedronavarro.es\\\/wp-content\\\/uploads\\\/Logo-Instagram-1.png\",\"width\":320,\"height\":320,\"caption\":\"PEDRO NAVARRO Floral Art & Event Styling\"},\"image\":{\"@id\":\"https:\\\/\\\/www.pedronavarro.es\\\/fr\\\/#\\\/schema\\\/logo\\\/image\\\/\"},\"sameAs\":[\"https:\\\/\\\/www.facebook.com\\\/PedroNavarroES\",\"https:\\\/\\\/www.instagram.com\\\/pedronavarro_es\\\/\",\"https:\\\/\\\/www.pinterest.com\\\/StudioPedroNavarro\\\/\",\"https:\\\/\\\/www.tiktok.com\\\/@pedronavarro_es?lang=es\"]}]}<\/script>\n<!-- \/ Yoast SEO plugin. -->","yoast_head_json":{"title":"Comment nous travaillons - Pedro Navarro - Floral Art and Event Styling","robots":{"index":"index","follow":"follow","max-snippet":"max-snippet:-1","max-image-preview":"max-image-preview:large","max-video-preview":"max-video-preview:-1"},"canonical":"https:\/\/www.pedronavarro.es\/fr\/comment-nous-travaillons\/","og_locale":"fr_FR","og_type":"article","og_title":"Comment nous travaillons - Pedro Navarro - Floral Art and Event Styling","og_description":"[vc_row content_placement=&#8221;middle&#8221; responsive_css=&#8221;padding_top_medium:110px|padding_bottom_medium:75px&#8221; css=&#8221;.vc_custom_1622015720342{padding-top: 70px !important;padding-bottom: 35px !important;}&#8221; el_id=&#8221;solutions&#8221;][vc_column offset=&#8221;vc_col-lg-5 vc_col-md-6&#8243;][\/vc_column][vc_column column_top_ontablet=&#8221;yes&#8221; column_top_onmobile=&#8221;yes&#8221; offset=&#8221;vc_col-md-offset-1 vc_col-md-6&#8243; responsive_css=&#8221;margin_bottom_medium:0px&#8221; css=&#8221;.vc_custom_1621859483629{margin-bottom: 30px !important;}&#8221;][\/vc_column][\/vc_row]","og_url":"https:\/\/www.pedronavarro.es\/fr\/comment-nous-travaillons\/","og_site_name":"Pedro Navarro - Floral Art and Event Styling","article_publisher":"https:\/\/www.facebook.com\/PedroNavarroES","article_modified_time":"2023-02-03T09:19:38+00:00","og_image":[{"width":320,"height":320,"url":"https:\/\/www.pedronavarro.es\/wp-content\/uploads\/Logo-Instagram.png","type":"image\/png"}],"twitter_card":"summary_large_image","twitter_misc":{"Dur\u00e9e de lecture estim\u00e9e":"3 minutes"},"schema":{"@context":"https:\/\/schema.org","@graph":[{"@type":"WebPage","@id":"https:\/\/www.pedronavarro.es\/fr\/comment-nous-travaillons\/","url":"https:\/\/www.pedronavarro.es\/fr\/comment-nous-travaillons\/","name":"Comment nous travaillons - Pedro Navarro - Floral Art and Event Styling","isPartOf":{"@id":"https:\/\/www.pedronavarro.es\/fr\/#website"},"datePublished":"2022-12-27T16:23:44+00:00","dateModified":"2023-02-03T09:19:38+00:00","breadcrumb":{"@id":"https:\/\/www.pedronavarro.es\/fr\/comment-nous-travaillons\/#breadcrumb"},"inLanguage":"fr-FR","potentialAction":[{"@type":"ReadAction","target":["https:\/\/www.pedronavarro.es\/fr\/comment-nous-travaillons\/"]}]},{"@type":"BreadcrumbList","@id":"https:\/\/www.pedronavarro.es\/fr\/comment-nous-travaillons\/#breadcrumb","itemListElement":[{"@type":"ListItem","position":1,"name":"Portada","item":"https:\/\/www.pedronavarro.es\/fr\/"},{"@type":"ListItem","position":2,"name":"Comment nous travaillons"}]},{"@type":"WebSite","@id":"https:\/\/www.pedronavarro.es\/fr\/#website","url":"https:\/\/www.pedronavarro.es\/fr\/","name":"Pedro Navarro - Floral Art and Event Styling","description":"Pedro Navarro - Floral Art and Event Styling in Marbella, Spain","publisher":{"@id":"https:\/\/www.pedronavarro.es\/fr\/#organization"},"potentialAction":[{"@type":"SearchAction","target":{"@type":"EntryPoint","urlTemplate":"https:\/\/www.pedronavarro.es\/fr\/?s={search_term_string}"},"query-input":{"@type":"PropertyValueSpecification","valueRequired":true,"valueName":"search_term_string"}}],"inLanguage":"fr-FR"},{"@type":"Organization","@id":"https:\/\/www.pedronavarro.es\/fr\/#organization","name":"PEDRO NAVARRO Floral Art & Event Styling","alternateName":"Pedro Navarro Estilismo floral y eventos","url":"https:\/\/www.pedronavarro.es\/fr\/","logo":{"@type":"ImageObject","inLanguage":"fr-FR","@id":"https:\/\/www.pedronavarro.es\/fr\/#\/schema\/logo\/image\/","url":"https:\/\/www.pedronavarro.es\/wp-content\/uploads\/Logo-Instagram-1.png","contentUrl":"https:\/\/www.pedronavarro.es\/wp-content\/uploads\/Logo-Instagram-1.png","width":320,"height":320,"caption":"PEDRO NAVARRO Floral Art & Event Styling"},"image":{"@id":"https:\/\/www.pedronavarro.es\/fr\/#\/schema\/logo\/image\/"},"sameAs":["https:\/\/www.facebook.com\/PedroNavarroES","https:\/\/www.instagram.com\/pedronavarro_es\/","https:\/\/www.pinterest.com\/StudioPedroNavarro\/","https:\/\/www.tiktok.com\/@pedronavarro_es?lang=es"]}]}},"_links":{"self":[{"href":"https:\/\/www.pedronavarro.es\/fr\/wp-json\/wp\/v2\/pages\/7604","targetHints":{"allow":["GET"]}}],"collection":[{"href":"https:\/\/www.pedronavarro.es\/fr\/wp-json\/wp\/v2\/pages"}],"about":[{"href":"https:\/\/www.pedronavarro.es\/fr\/wp-json\/wp\/v2\/types\/page"}],"author":[{"embeddable":true,"href":"https:\/\/www.pedronavarro.es\/fr\/wp-json\/wp\/v2\/users\/1"}],"replies":[{"embeddable":true,"href":"https:\/\/www.pedronavarro.es\/fr\/wp-json\/wp\/v2\/comments?post=7604"}],"version-history":[{"count":1,"href":"https:\/\/www.pedronavarro.es\/fr\/wp-json\/wp\/v2\/pages\/7604\/revisions"}],"predecessor-version":[{"id":7606,"href":"https:\/\/www.pedronavarro.es\/fr\/wp-json\/wp\/v2\/pages\/7604\/revisions\/7606"}],"wp:attachment":[{"href":"https:\/\/www.pedronavarro.es\/fr\/wp-json\/wp\/v2\/media?parent=7604"}],"curies":[{"name":"wp","href":"https:\/\/api.w.org\/{rel}","templated":true}]}}