{"id":7607,"date":"2022-10-13T09:05:10","date_gmt":"2022-10-13T08:05:10","guid":{"rendered":"https:\/\/www.pedronavarro.es\/?page_id=7607"},"modified":"2023-02-03T10:52:58","modified_gmt":"2023-02-03T09:52:58","slug":"rencontrez-pedro","status":"publish","type":"page","link":"https:\/\/www.pedronavarro.es\/fr\/rencontrez-pedro\/","title":{"rendered":"Rencontrez Pedro"},"content":{"rendered":"<p>[vc_row][vc_column]<style>.ld_spacer_69e0aa4fd3820{height:150px;}<\/style>\n<div class=\"ld-empty-space ld_spacer_69e0aa4fd3820\"><\/div>[\/vc_column][\/vc_row][vc_row css=&#8221;.vc_custom_1675211323220{padding-bottom: 70px !important;}&#8221; responsive_css=&#8221;padding_top_medium:80px|padding_bottom_medium:80px&#8221;][vc_column offset=&#8221;vc_col-md-3&#8243; css=&#8221;.vc_custom_1575033873278{margin-bottom: 30px !important;}&#8221;]<style>.ld_fancy_heading_69e0aa4fd3aa6 h5 {margin-bottom:1em !important;  } .ld_fancy_heading_69e0aa4fd3aa6 .lqd-highlight-inner{height:0.275em!important;bottom:0px!important;}.ld_fancy_heading_69e0aa4fd3aa6 h5 {margin-bottom:1em !important;  } <\/style><div class=\"ld-fancy-heading ld_fancy_heading_69e0aa4fd3aa6\">\n\t<h5 class=\"ld-fh-element lqd-highlight-underline lqd-highlight-grow-left text-decoration-default\"   >  \u00c0 propos de Pedro Navarro<\/h5><\/div>[\/vc_column][vc_column offset=&#8221;vc_col-md-9&#8243;]<div id=\"ld_images_group_element_69e0aa4fd412f\" class=\"lqd-imggrp-single ld_images_group_element_69e0aa4fd412f\"   >\n\t\n\t<div class=\"lqd-imggrp-img-container\"  data-reveal=\"true\" data-reveal-options='{\"direction\":\"lr\",\"bgcolor\":\"rgb(116, 116, 116)\",\"delay\":\"\"}'  data-parallax=\"true\" data-parallax-from='{\"y\":55}' data-parallax-to='{\"y\":-100}' data-parallax-options='{\"overflowHidden\":false,\"ease\":\"linear\",\"start\":\"top bottom\"}'>\n\t\t\n\t\t\t\t\n\t\t\t\t<figure ><img decoding=\"async\" width=\"640\" height=\"640\" src=\"https:\/\/www.pedronavarro.es\/wp-content\/uploads\/Boda-Molinodelduque-alejandromarmol083_sq_640px.jpg\" class=\"attachment-full size-full\" alt=\"\" srcset=\"https:\/\/www.pedronavarro.es\/wp-content\/uploads\/Boda-Molinodelduque-alejandromarmol083_sq_640px.jpg 640w, https:\/\/www.pedronavarro.es\/wp-content\/uploads\/Boda-Molinodelduque-alejandromarmol083_sq_640px-300x300.jpg 300w, https:\/\/www.pedronavarro.es\/wp-content\/uploads\/Boda-Molinodelduque-alejandromarmol083_sq_640px-150x150.jpg 150w, https:\/\/www.pedronavarro.es\/wp-content\/uploads\/Boda-Molinodelduque-alejandromarmol083_sq_640px-320x320.jpg 320w, https:\/\/www.pedronavarro.es\/wp-content\/uploads\/Boda-Molinodelduque-alejandromarmol083_sq_640px-600x600.jpg 600w\" sizes=\"(max-width: 640px) 100vw, 640px\" itemprop=\"image\" \/><\/figure>\t\t\t\t\t\t\t\t\n\t<\/div><!-- \/.lqd-imggrp-content -->\n<\/div><!-- \/.lqd-imggrp-single -->[vc_row_inner][vc_column_inner width=&#8221;5\/12&#8243; offset=&#8221;vc_col-md-offset-6 vc_col-md-3 vc_col-xs-6&#8243; responsive_align=&#8221;text-md-right&#8221; css=&#8221;.vc_custom_1575034340553{margin-top: -170px !important;}&#8221;]\n<style>.ld_counter_69e0aa4fd6935 .lqd-counter-element{font-size:300px;line-height:1em;}.ld_counter_69e0aa4fd6935{color:rgb(194, 137, 92);}<\/style><div id=\"ld_counter_69e0aa4fd6935\" class=\"lqd-counter lqd-counter-default ld_counter_69e0aa4fd6935\">\n\n\t<div class=\"lqd-counter-element \" data-enable-counter=\"true\" data-counter-options='{\"targetNumber\":\"30\"}'>\n\t\t<span>30<\/span>\t<\/div><!-- \/.lqd-counter-element -->\n\t\n<\/div><!-- \/.lqd-counter lqd-counter-huge -->[\/vc_column_inner][vc_column_inner width=&#8221;1\/4&#8243; offset=&#8221;vc_col-md-3 vc_col-xs-6&#8243;]<style>.ld_fancy_heading_69e0aa4fd6b17 p{color:rgba(255, 255, 255, 0.7);}.ld_fancy_heading_69e0aa4fd6b17 p {font-size:21px; } .ld_fancy_heading_69e0aa4fd6b17 p {line-height:0.9em; } @media (min-width: 768px) { .ld_fancy_heading_69e0aa4fd6b17 p {line-height:1.25em; }  } .ld_fancy_heading_69e0aa4fd6b17 p {--element-line-height:0.9em; } @media (min-width: 768px) { .ld_fancy_heading_69e0aa4fd6b17 p {--element-line-height:1.25em; }  } .ld_fancy_heading_69e0aa4fd6b17 .lqd-highlight-inner{height:0.275em!important;bottom:0px!important;}.ld_fancy_heading_69e0aa4fd6b17 p {font-size:21px; } .ld_fancy_heading_69e0aa4fd6b17 p {line-height:0.9em; } @media (min-width: 768px) { .ld_fancy_heading_69e0aa4fd6b17 p {line-height:1.25em; }  } .ld_fancy_heading_69e0aa4fd6b17 p {--element-line-height:0.9em; } @media (min-width: 768px) { .ld_fancy_heading_69e0aa4fd6b17 p {--element-line-height:1.25em; }  } <\/style><div class=\"ld-fancy-heading ld_fancy_heading_69e0aa4fd6b17\">\n\t<p class=\"ld-fh-element lqd-highlight-underline lqd-highlight-grow-left text-decoration-default\"   >  <br \/> Ann\u00e9es d&#8217;exp\u00e9rience<\/p><\/div>[\/vc_column_inner][vc_column_inner responsive_css=&#8221;margin_top_medium:-4.5em&#8221;]<style>.ld_fancy_heading_69e0aa4fd81dc p {font-size:18px; } .ld_fancy_heading_69e0aa4fd81dc p {line-height:27px; } .ld_fancy_heading_69e0aa4fd81dc p {--element-line-height:27px; } .ld_fancy_heading_69e0aa4fd81dc .lqd-highlight-inner{height:0.275em!important;bottom:0px!important;}.ld_fancy_heading_69e0aa4fd81dc p {font-size:18px; } .ld_fancy_heading_69e0aa4fd81dc p {line-height:27px; } .ld_fancy_heading_69e0aa4fd81dc p {--element-line-height:27px; } <\/style><div class=\"ld-fancy-heading mask-text ld_fancy_heading_69e0aa4fd81dc\">\n\t<p class=\"ld-fh-element lqd-highlight-underline lqd-highlight-grow-left text-decoration-default lqd-split-lines\"   data-split-text=\"true\" data-split-options='{\"type\":\"lines\"}' data-custom-animations=\"true\" data-ca-options='{\"triggerHandler\":\"inview\",\"animationTarget\":\".lqd-lines > .split-inner\",\"duration\":\"1800\",\"delay\":\"250\",\"ease\":\"power4.out\",\"direction\":\"forward\",\"initValues\":{\"y\":80},\"animations\":{\"y\":0}}'>  Bonjour, je m&#8217;appelle Pedro Navarro. Et avec mon \u00e9quipe, nous cr\u00e9ons des tenues de mariage et d&#8217;\u00e9v\u00e9nement. Mais Pedro Navarro n&#8217;est pas que moi, c&#8217;est une marque cr\u00e9\u00e9e qui rassemble un groupe de professionnels passionn\u00e9s par leur travail dans l&#8217;art floral et le stylisme \u00e9v\u00e9nementiel.<\/p>\n<p>J&#8217;ai commenc\u00e9 ma carri\u00e8re en tant qu&#8217;artiste floral dans mon petit magasin de fleurs de la ville de Murcie, en Espagne. Mon travail a \u00e9volu\u00e9 d&#8217;un petit fleuriste \u00e0 une entreprise de conception florale et de stylisme \u00e9v\u00e9nementiel haut de gamme. J&#8217;ai eu le privil\u00e8ge de travailler pour des clients du monde entier et j&#8217;ai pu contribuer \u00e0 cr\u00e9er des moments uniques lors de mariages, de c\u00e9l\u00e9brations, de f\u00eates et d&#8217;\u00e9v\u00e9nements d&#8217;entreprise. Au cours de ma carri\u00e8re professionnelle, certaines de mes cr\u00e9ations ont \u00e9t\u00e9 pr\u00e9sent\u00e9es dans des magazines, des livres et des \u00e9v\u00e9nements importants.<\/p><\/div>[\/vc_column_inner][\/vc_row_inner][\/vc_column][\/vc_row][vc_row][vc_column width=&#8221;2\/3&#8243;]<style>.ld_fancy_heading_69e0aa4fd99d9 h2 {font-size:16vw; } @media (min-width: 768px) { .ld_fancy_heading_69e0aa4fd99d9 h2 {font-size:110px; }  } @media (min-width: 1200px) { .ld_fancy_heading_69e0aa4fd99d9 h2 {font-size:132px; }  } .ld_fancy_heading_69e0aa4fd99d9 h2 {line-height:0.85em; } .ld_fancy_heading_69e0aa4fd99d9 h2 {--element-line-height:0.85em; } .ld_fancy_heading_69e0aa4fd99d9 h2 {font-weight:500; } .ld_fancy_heading_69e0aa4fd99d9 h2 {letter-spacing:-0.04em; } .ld_fancy_heading_69e0aa4fd99d9 h2 {margin-bottom:0px !important;  } .ld_fancy_heading_69e0aa4fd99d9 .lqd-highlight-inner{height:0.275em!important;bottom:0px!important;}.ld_fancy_heading_69e0aa4fd99d9 h2 {font-size:16vw; } @media (min-width: 768px) { .ld_fancy_heading_69e0aa4fd99d9 h2 {font-size:110px; }  } @media (min-width: 1200px) { .ld_fancy_heading_69e0aa4fd99d9 h2 {font-size:132px; }  } .ld_fancy_heading_69e0aa4fd99d9 h2 {line-height:0.85em; } .ld_fancy_heading_69e0aa4fd99d9 h2 {--element-line-height:0.85em; } .ld_fancy_heading_69e0aa4fd99d9 h2 {font-weight:500; } .ld_fancy_heading_69e0aa4fd99d9 h2 {letter-spacing:-0.04em; } .ld_fancy_heading_69e0aa4fd99d9 h2 {margin-bottom:0px !important;  } <\/style><div class=\"ld-fancy-heading ld_fancy_heading_69e0aa4fd99d9\">\n\t<h2 class=\"ld-fh-element lqd-highlight-underline lqd-highlight-grow-left text-decoration-default\"   >  Nous c\u00e9l\u00e9brons les 30 ans<\/h2><\/div><style>.ld_fancy_heading_69e0aa4fda0ea h5 {font-size:24px; } .ld_fancy_heading_69e0aa4fda0ea h5 {line-height:2em; } .ld_fancy_heading_69e0aa4fda0ea h5 {--element-line-height:2em; } .ld_fancy_heading_69e0aa4fda0ea .lqd-highlight-inner{height:0.275em!important;bottom:0px!important;}.ld_fancy_heading_69e0aa4fda0ea h5 {font-size:24px; } .ld_fancy_heading_69e0aa4fda0ea h5 {line-height:2em; } .ld_fancy_heading_69e0aa4fda0ea h5 {--element-line-height:2em; } <\/style><div class=\"ld-fancy-heading ld_fancy_heading_69e0aa4fda0ea\">\n\t<h5 class=\"ld-fh-element lqd-highlight-underline lqd-highlight-grow-left text-decoration-default\"   >  D\u00e9vouement professionnel \u00e0 <em>l&#8217;art floral<\/em> et au <em class=\"h3 d-flex\">style de mariage et d&#8217;\u00e9v\u00e9nements<\/em><\/h5><\/div><div  class=\"lqd-simple-heading-wrap ld_simple_heading_69e0aa4fda2e3\">\n<h2 class=\"lqd-simple-heading\">\n\tArt Floral<\/h2>\n<\/div>[vc_column_text]<span style=\"font-size: 18px;\">Dipl\u00f4m\u00e9e des Beaux-Arts, j&#8217;ai trouv\u00e9 dans les fleurs un moyen de r\u00e9interpr\u00e9ter les espaces et de cr\u00e9er des environnements qui r\u00e9sonnent avec les \u00e9motions du moment. Fleuriste form\u00e9 dans diff\u00e9rentes Ecoles d&#8217;Art Floral et styliste de mariage fort de plus de 30 ans d&#8217;exp\u00e9rience et d&#8217;un r\u00e9pertoire de projets qui sont le reflet de la recherche constante \u00e0 laquelle ce professionnel consacre sa vie.<\/span><\/p>\n<p><span style=\"font-size: 18px;\">Depuis le 21\u00a0novembre\u00a01992, Pedro forme une \u00e9quipe de professionnels pour la d\u00e9coration int\u00e9grale des espaces et sa fonction, consiste et consiste \u00e0 examiner et \u00e0 \u00e9tudier tout ce qui se voit (esth\u00e9tique ), pour r\u00e9pondre \u00e0 d&#8217;\u00e9ventuels besoins stylistiques\u00a0; fleurs, tapis, plates-formes, chaises, plafonds, ustensiles de cuisine, \u00e9clairage et toutes les ressources que nous pouvons imaginer.<\/span>[\/vc_column_text][\/vc_column][vc_column width=&#8221;1\/3&#8243;]<style>.ld_spacer_69e0aa4fda3cd{height:50px;}<\/style>\n<div class=\"ld-empty-space ld_spacer_69e0aa4fda3cd\"><\/div>[vc_single_image image=&#8221;6526&#8243;][\/vc_column][\/vc_row][vc_row][vc_column]<style>.ld_spacer_69e0aa4fda45f{height:90px;}<\/style>\n<div class=\"ld-empty-space ld_spacer_69e0aa4fda45f\"><\/div>[\/vc_column][\/vc_row]<\/p>\n","protected":false},"excerpt":{"rendered":"<p>[vc_row][vc_column][\/vc_column][\/vc_row][vc_row css=&#8221;.vc_custom_1675211323220{padding-bottom: 70px !important;}&#8221; responsive_css=&#8221;padding_top_medium:80px|padding_bottom_medium:80px&#8221;][vc_column offset=&#8221;vc_col-md-3&#8243; css=&#8221;.vc_custom_1575033873278{margin-bottom: 30px !important;}&#8221;][\/vc_column][vc_column offset=&#8221;vc_col-md-9&#8243;][vc_row_inner][vc_column_inner width=&#8221;5\/12&#8243; offset=&#8221;vc_col-md-offset-6 vc_col-md-3 vc_col-xs-6&#8243; responsive_align=&#8221;text-md-right&#8221; css=&#8221;.vc_custom_1575034340553{margin-top: -170px !important;}&#8221;][\/vc_column_inner][vc_column_inner width=&#8221;1\/4&#8243; offset=&#8221;vc_col-md-3 vc_col-xs-6&#8243;][\/vc_column_inner][vc_column_inner responsive_css=&#8221;margin_top_medium:-4.5em&#8221;][\/vc_column_inner][\/vc_row_inner][\/vc_column][\/vc_row][vc_row][vc_column width=&#8221;2\/3&#8243;][vc_column_text]Dipl\u00f4m\u00e9e des Beaux-Arts, j&#8217;ai trouv\u00e9 dans les fleurs un moyen de r\u00e9interpr\u00e9ter les espaces et de cr\u00e9er des environnements qui r\u00e9sonnent avec les \u00e9motions du moment. Fleuriste form\u00e9 dans diff\u00e9rentes Ecoles d&#8217;Art Floral [&hellip;]<\/p>\n","protected":false},"author":1,"featured_media":0,"parent":0,"menu_order":0,"comment_status":"closed","ping_status":"closed","template":"","meta":{"footnotes":""},"class_list":["post-7607","page","type-page","status-publish","hentry"],"yoast_head":"<!-- This site is optimized with the Yoast SEO plugin v27.3 - https:\/\/yoast.com\/product\/yoast-seo-wordpress\/ -->\n<title>Rencontrez Pedro - Pedro Navarro - Floral Art and Event Styling<\/title>\n<meta name=\"robots\" content=\"index, follow, max-snippet:-1, max-image-preview:large, max-video-preview:-1\" \/>\n<link rel=\"canonical\" href=\"https:\/\/www.pedronavarro.es\/fr\/rencontrez-pedro\/\" \/>\n<meta property=\"og:locale\" content=\"fr_FR\" \/>\n<meta property=\"og:type\" content=\"article\" \/>\n<meta property=\"og:title\" content=\"Rencontrez Pedro - Pedro Navarro - Floral Art and Event Styling\" \/>\n<meta property=\"og:description\" content=\"[vc_row][vc_column][\/vc_column][\/vc_row][vc_row css=&#8221;.vc_custom_1675211323220{padding-bottom: 70px !important;}&#8221; responsive_css=&#8221;padding_top_medium:80px|padding_bottom_medium:80px&#8221;][vc_column offset=&#8221;vc_col-md-3&#8243; css=&#8221;.vc_custom_1575033873278{margin-bottom: 30px !important;}&#8221;][\/vc_column][vc_column offset=&#8221;vc_col-md-9&#8243;][vc_row_inner][vc_column_inner width=&#8221;5\/12&#8243; offset=&#8221;vc_col-md-offset-6 vc_col-md-3 vc_col-xs-6&#8243; responsive_align=&#8221;text-md-right&#8221; css=&#8221;.vc_custom_1575034340553{margin-top: -170px !important;}&#8221;][\/vc_column_inner][vc_column_inner width=&#8221;1\/4&#8243; offset=&#8221;vc_col-md-3 vc_col-xs-6&#8243;][\/vc_column_inner][vc_column_inner responsive_css=&#8221;margin_top_medium:-4.5em&#8221;][\/vc_column_inner][\/vc_row_inner][\/vc_column][\/vc_row][vc_row][vc_column width=&#8221;2\/3&#8243;][vc_column_text]Dipl\u00f4m\u00e9e des Beaux-Arts, j&#8217;ai trouv\u00e9 dans les fleurs un moyen de r\u00e9interpr\u00e9ter les espaces et de cr\u00e9er des environnements qui r\u00e9sonnent avec les \u00e9motions du moment. Fleuriste form\u00e9 dans diff\u00e9rentes Ecoles d&#8217;Art Floral [&hellip;]\" \/>\n<meta property=\"og:url\" content=\"https:\/\/www.pedronavarro.es\/fr\/rencontrez-pedro\/\" \/>\n<meta property=\"og:site_name\" content=\"Pedro Navarro - Floral Art and Event Styling\" \/>\n<meta property=\"article:publisher\" content=\"https:\/\/www.facebook.com\/PedroNavarroES\" \/>\n<meta property=\"article:modified_time\" content=\"2023-02-03T09:52:58+00:00\" \/>\n<meta property=\"og:image\" content=\"https:\/\/www.pedronavarro.es\/wp-content\/uploads\/Logo-Instagram.png\" \/>\n\t<meta property=\"og:image:width\" content=\"320\" \/>\n\t<meta property=\"og:image:height\" content=\"320\" \/>\n\t<meta property=\"og:image:type\" content=\"image\/png\" \/>\n<meta name=\"twitter:card\" content=\"summary_large_image\" \/>\n<meta name=\"twitter:label1\" content=\"Dur\u00e9e de lecture estim\u00e9e\" \/>\n\t<meta name=\"twitter:data1\" content=\"3 minutes\" \/>\n<script type=\"application\/ld+json\" class=\"yoast-schema-graph\">{\"@context\":\"https:\\\/\\\/schema.org\",\"@graph\":[{\"@type\":\"WebPage\",\"@id\":\"https:\\\/\\\/www.pedronavarro.es\\\/fr\\\/rencontrez-pedro\\\/\",\"url\":\"https:\\\/\\\/www.pedronavarro.es\\\/fr\\\/rencontrez-pedro\\\/\",\"name\":\"Rencontrez Pedro - Pedro Navarro - Floral Art and Event Styling\",\"isPartOf\":{\"@id\":\"https:\\\/\\\/www.pedronavarro.es\\\/fr\\\/#website\"},\"datePublished\":\"2022-10-13T08:05:10+00:00\",\"dateModified\":\"2023-02-03T09:52:58+00:00\",\"breadcrumb\":{\"@id\":\"https:\\\/\\\/www.pedronavarro.es\\\/fr\\\/rencontrez-pedro\\\/#breadcrumb\"},\"inLanguage\":\"fr-FR\",\"potentialAction\":[{\"@type\":\"ReadAction\",\"target\":[\"https:\\\/\\\/www.pedronavarro.es\\\/fr\\\/rencontrez-pedro\\\/\"]}]},{\"@type\":\"BreadcrumbList\",\"@id\":\"https:\\\/\\\/www.pedronavarro.es\\\/fr\\\/rencontrez-pedro\\\/#breadcrumb\",\"itemListElement\":[{\"@type\":\"ListItem\",\"position\":1,\"name\":\"Portada\",\"item\":\"https:\\\/\\\/www.pedronavarro.es\\\/fr\\\/\"},{\"@type\":\"ListItem\",\"position\":2,\"name\":\"Rencontrez Pedro\"}]},{\"@type\":\"WebSite\",\"@id\":\"https:\\\/\\\/www.pedronavarro.es\\\/fr\\\/#website\",\"url\":\"https:\\\/\\\/www.pedronavarro.es\\\/fr\\\/\",\"name\":\"Pedro Navarro - Floral Art and Event Styling\",\"description\":\"Pedro Navarro - Floral Art and Event Styling in Marbella, Spain\",\"publisher\":{\"@id\":\"https:\\\/\\\/www.pedronavarro.es\\\/fr\\\/#organization\"},\"potentialAction\":[{\"@type\":\"SearchAction\",\"target\":{\"@type\":\"EntryPoint\",\"urlTemplate\":\"https:\\\/\\\/www.pedronavarro.es\\\/fr\\\/?s={search_term_string}\"},\"query-input\":{\"@type\":\"PropertyValueSpecification\",\"valueRequired\":true,\"valueName\":\"search_term_string\"}}],\"inLanguage\":\"fr-FR\"},{\"@type\":\"Organization\",\"@id\":\"https:\\\/\\\/www.pedronavarro.es\\\/fr\\\/#organization\",\"name\":\"PEDRO NAVARRO Floral Art & Event Styling\",\"alternateName\":\"Pedro Navarro Estilismo floral y eventos\",\"url\":\"https:\\\/\\\/www.pedronavarro.es\\\/fr\\\/\",\"logo\":{\"@type\":\"ImageObject\",\"inLanguage\":\"fr-FR\",\"@id\":\"https:\\\/\\\/www.pedronavarro.es\\\/fr\\\/#\\\/schema\\\/logo\\\/image\\\/\",\"url\":\"https:\\\/\\\/www.pedronavarro.es\\\/wp-content\\\/uploads\\\/Logo-Instagram-1.png\",\"contentUrl\":\"https:\\\/\\\/www.pedronavarro.es\\\/wp-content\\\/uploads\\\/Logo-Instagram-1.png\",\"width\":320,\"height\":320,\"caption\":\"PEDRO NAVARRO Floral Art & Event Styling\"},\"image\":{\"@id\":\"https:\\\/\\\/www.pedronavarro.es\\\/fr\\\/#\\\/schema\\\/logo\\\/image\\\/\"},\"sameAs\":[\"https:\\\/\\\/www.facebook.com\\\/PedroNavarroES\",\"https:\\\/\\\/www.instagram.com\\\/pedronavarro_es\\\/\",\"https:\\\/\\\/www.pinterest.com\\\/StudioPedroNavarro\\\/\",\"https:\\\/\\\/www.tiktok.com\\\/@pedronavarro_es?lang=es\"]}]}<\/script>\n<!-- \/ Yoast SEO plugin. -->","yoast_head_json":{"title":"Rencontrez Pedro - Pedro Navarro - Floral Art and Event Styling","robots":{"index":"index","follow":"follow","max-snippet":"max-snippet:-1","max-image-preview":"max-image-preview:large","max-video-preview":"max-video-preview:-1"},"canonical":"https:\/\/www.pedronavarro.es\/fr\/rencontrez-pedro\/","og_locale":"fr_FR","og_type":"article","og_title":"Rencontrez Pedro - Pedro Navarro - Floral Art and Event Styling","og_description":"[vc_row][vc_column][\/vc_column][\/vc_row][vc_row css=&#8221;.vc_custom_1675211323220{padding-bottom: 70px !important;}&#8221; responsive_css=&#8221;padding_top_medium:80px|padding_bottom_medium:80px&#8221;][vc_column offset=&#8221;vc_col-md-3&#8243; css=&#8221;.vc_custom_1575033873278{margin-bottom: 30px !important;}&#8221;][\/vc_column][vc_column offset=&#8221;vc_col-md-9&#8243;][vc_row_inner][vc_column_inner width=&#8221;5\/12&#8243; offset=&#8221;vc_col-md-offset-6 vc_col-md-3 vc_col-xs-6&#8243; responsive_align=&#8221;text-md-right&#8221; css=&#8221;.vc_custom_1575034340553{margin-top: -170px !important;}&#8221;][\/vc_column_inner][vc_column_inner width=&#8221;1\/4&#8243; offset=&#8221;vc_col-md-3 vc_col-xs-6&#8243;][\/vc_column_inner][vc_column_inner responsive_css=&#8221;margin_top_medium:-4.5em&#8221;][\/vc_column_inner][\/vc_row_inner][\/vc_column][\/vc_row][vc_row][vc_column width=&#8221;2\/3&#8243;][vc_column_text]Dipl\u00f4m\u00e9e des Beaux-Arts, j&#8217;ai trouv\u00e9 dans les fleurs un moyen de r\u00e9interpr\u00e9ter les espaces et de cr\u00e9er des environnements qui r\u00e9sonnent avec les \u00e9motions du moment. Fleuriste form\u00e9 dans diff\u00e9rentes Ecoles d&#8217;Art Floral [&hellip;]","og_url":"https:\/\/www.pedronavarro.es\/fr\/rencontrez-pedro\/","og_site_name":"Pedro Navarro - Floral Art and Event Styling","article_publisher":"https:\/\/www.facebook.com\/PedroNavarroES","article_modified_time":"2023-02-03T09:52:58+00:00","og_image":[{"width":320,"height":320,"url":"https:\/\/www.pedronavarro.es\/wp-content\/uploads\/Logo-Instagram.png","type":"image\/png"}],"twitter_card":"summary_large_image","twitter_misc":{"Dur\u00e9e de lecture estim\u00e9e":"3 minutes"},"schema":{"@context":"https:\/\/schema.org","@graph":[{"@type":"WebPage","@id":"https:\/\/www.pedronavarro.es\/fr\/rencontrez-pedro\/","url":"https:\/\/www.pedronavarro.es\/fr\/rencontrez-pedro\/","name":"Rencontrez Pedro - Pedro Navarro - Floral Art and Event Styling","isPartOf":{"@id":"https:\/\/www.pedronavarro.es\/fr\/#website"},"datePublished":"2022-10-13T08:05:10+00:00","dateModified":"2023-02-03T09:52:58+00:00","breadcrumb":{"@id":"https:\/\/www.pedronavarro.es\/fr\/rencontrez-pedro\/#breadcrumb"},"inLanguage":"fr-FR","potentialAction":[{"@type":"ReadAction","target":["https:\/\/www.pedronavarro.es\/fr\/rencontrez-pedro\/"]}]},{"@type":"BreadcrumbList","@id":"https:\/\/www.pedronavarro.es\/fr\/rencontrez-pedro\/#breadcrumb","itemListElement":[{"@type":"ListItem","position":1,"name":"Portada","item":"https:\/\/www.pedronavarro.es\/fr\/"},{"@type":"ListItem","position":2,"name":"Rencontrez Pedro"}]},{"@type":"WebSite","@id":"https:\/\/www.pedronavarro.es\/fr\/#website","url":"https:\/\/www.pedronavarro.es\/fr\/","name":"Pedro Navarro - Floral Art and Event Styling","description":"Pedro Navarro - Floral Art and Event Styling in Marbella, Spain","publisher":{"@id":"https:\/\/www.pedronavarro.es\/fr\/#organization"},"potentialAction":[{"@type":"SearchAction","target":{"@type":"EntryPoint","urlTemplate":"https:\/\/www.pedronavarro.es\/fr\/?s={search_term_string}"},"query-input":{"@type":"PropertyValueSpecification","valueRequired":true,"valueName":"search_term_string"}}],"inLanguage":"fr-FR"},{"@type":"Organization","@id":"https:\/\/www.pedronavarro.es\/fr\/#organization","name":"PEDRO NAVARRO Floral Art & Event Styling","alternateName":"Pedro Navarro Estilismo floral y eventos","url":"https:\/\/www.pedronavarro.es\/fr\/","logo":{"@type":"ImageObject","inLanguage":"fr-FR","@id":"https:\/\/www.pedronavarro.es\/fr\/#\/schema\/logo\/image\/","url":"https:\/\/www.pedronavarro.es\/wp-content\/uploads\/Logo-Instagram-1.png","contentUrl":"https:\/\/www.pedronavarro.es\/wp-content\/uploads\/Logo-Instagram-1.png","width":320,"height":320,"caption":"PEDRO NAVARRO Floral Art & Event Styling"},"image":{"@id":"https:\/\/www.pedronavarro.es\/fr\/#\/schema\/logo\/image\/"},"sameAs":["https:\/\/www.facebook.com\/PedroNavarroES","https:\/\/www.instagram.com\/pedronavarro_es\/","https:\/\/www.pinterest.com\/StudioPedroNavarro\/","https:\/\/www.tiktok.com\/@pedronavarro_es?lang=es"]}]}},"_links":{"self":[{"href":"https:\/\/www.pedronavarro.es\/fr\/wp-json\/wp\/v2\/pages\/7607","targetHints":{"allow":["GET"]}}],"collection":[{"href":"https:\/\/www.pedronavarro.es\/fr\/wp-json\/wp\/v2\/pages"}],"about":[{"href":"https:\/\/www.pedronavarro.es\/fr\/wp-json\/wp\/v2\/types\/page"}],"author":[{"embeddable":true,"href":"https:\/\/www.pedronavarro.es\/fr\/wp-json\/wp\/v2\/users\/1"}],"replies":[{"embeddable":true,"href":"https:\/\/www.pedronavarro.es\/fr\/wp-json\/wp\/v2\/comments?post=7607"}],"version-history":[{"count":3,"href":"https:\/\/www.pedronavarro.es\/fr\/wp-json\/wp\/v2\/pages\/7607\/revisions"}],"predecessor-version":[{"id":7610,"href":"https:\/\/www.pedronavarro.es\/fr\/wp-json\/wp\/v2\/pages\/7607\/revisions\/7610"}],"wp:attachment":[{"href":"https:\/\/www.pedronavarro.es\/fr\/wp-json\/wp\/v2\/media?parent=7607"}],"curies":[{"name":"wp","href":"https:\/\/api.w.org\/{rel}","templated":true}]}}