{"id":7611,"date":"2022-12-27T17:28:26","date_gmt":"2022-12-27T16:28:26","guid":{"rendered":"https:\/\/www.pedronavarro.es\/?page_id=7611"},"modified":"2023-02-03T10:59:48","modified_gmt":"2023-02-03T09:59:48","slug":"questions-frequentes","status":"publish","type":"page","link":"https:\/\/www.pedronavarro.es\/fr\/questions-frequentes\/","title":{"rendered":"Questions Fr\u00e9quentes"},"content":{"rendered":"<p>[vc_row content_placement=&#8221;middle&#8221; responsive_css=&#8221;padding_top_medium:100px|padding_bottom_medium:100px&#8221; css=&#8221;.vc_custom_1621609863490{padding-top: 60px !important;padding-bottom: 60px !important;}&#8221;][vc_column offset=&#8221;vc_col-md-5&#8243; responsive_css=&#8221;margin_right_medium:-55px|margin_left_medium:-70px&#8221;][vc_single_image image=&#8221;6480&#8243; img_size=&#8221;large&#8221; enable_opacity=&#8221;yes&#8221; opacity=&#8221;0.2&#8243; css=&#8221;.vc_custom_1672159099351{margin-bottom: -10% !important;border-radius: 15px !important;}&#8221;][\/vc_column][vc_column offset=&#8221;vc_col-md-7&#8243;]<style>.ld_fancy_heading_69debace20542 .lqd-highlight-inner{height:0.275em!important;bottom:0px!important;}<\/style><div class=\"ld-fancy-heading ld_fancy_heading_69debace20542\">\n\t<h2 class=\"ld-fh-element lqd-highlight-underline lqd-highlight-grow-left text-decoration-default h1\"   >  Les questions les plus fr\u00e9quemment pos\u00e9es<\/h2><\/div><style>.vc_accordion_69debace2174e .accordion-title{font-size:18px;font-weight:500;}<\/style><div class=\"accordion accordion-md accordion-title-underlined accordion-expander-lg vc_accordion_69debace2174e\" id=\"vc_accordion_69debace2174e\"\n     role=\"tablist\" aria-multiselectable=\"true\">\n\n\t            <div class=\"accordion-item panel  \">\n\n                <div class=\"accordion-heading\" role=\"tab\" id=\"heading_lqd-1621609909807-7c8e442a-b7d2ea41-e26f\" data-id=\"lqd-1621609909807-7c8e442a-b7d2ea41-e26f\">\n                    <h4 class=\"accordion-title\" data-controls=\"lqd-1621609909807-7c8e442a-b7d2ea41-e26f\" tabindex=\"-1\">\n                        <a tabindex=\"0\" class=\"collapsed\" data-toggle=\"collapse\"  data-bs-toggle=\"collapse\"\n                           data-parent=\"#vc_accordion_69debace2174e\" data-bs-parent=\"#vc_accordion_69debace2174e\" href=\"#lqd-1621609909807-7c8e442a-b7d2ea41-e26f\" data-bs-target=\"#lqd-1621609909807-7c8e442a-b7d2ea41-e26f\"\n                           aria-expanded=\"false\" aria-controls=\"lqd-1621609909807-7c8e442a-b7d2ea41-e26f\">\n\n\t\t\t\t\t\t\t\n\t\t\t\t\t\t\tVous occupez-vous de tout commander ?\n\t\t\t\t\t\t\t                                <span class=\"accordion-expander\">\n\t\t\t\t\t\t\t\t\t\t\t\t\t\t\t\t\t\t\t<i class=\"lqd-icn-ess icon-ion-ios-add\"><\/i>\n\t\t\t\t\t\t\t\t\t\n\t\t\t\t\t\t\t\t\t\t\t\t\t\t\t\t\t\t\t<i class=\"lqd-icn-ess icon-ion-ios-remove\"><\/i>\n\t\t\t\t\t\t\t\t\t\t\t\t\t\t\t\t\t<\/span>\n\t\t\t\t\t\t\t\n                        <\/a>\n\n                    <\/h4>\n                <\/div>\n\n                <div id=\"lqd-1621609909807-7c8e442a-b7d2ea41-e26f\" class=\"accordion-collapse collapse\"\n                    data-bs-parent=\"#vc_accordion_69debace2174e\" role=\"tabpanel\" aria-labelledby=\"heading_lqd-1621609909807-7c8e442a-b7d2ea41-e26f\">\n                    <div class=\"accordion-content\">\n\t\t\t\t\t\t<style>.ld_fancy_heading_69debace20cdf p {font-size:17px; } .ld_fancy_heading_69debace20cdf p {line-height:1.35em; } .ld_fancy_heading_69debace20cdf p {--element-line-height:1.35em; } .ld_fancy_heading_69debace20cdf p {margin-bottom:0px !important;  } .ld_fancy_heading_69debace20cdf .lqd-highlight-inner{height:0.275em!important;bottom:0px!important;}.ld_fancy_heading_69debace20cdf p {font-size:17px; } .ld_fancy_heading_69debace20cdf p {line-height:1.35em; } .ld_fancy_heading_69debace20cdf p {--element-line-height:1.35em; } .ld_fancy_heading_69debace20cdf p {margin-bottom:0px !important;  } <\/style><div class=\"ld-fancy-heading ld_fancy_heading_69debace20cdf\">\n\t<p class=\"ld-fh-element lqd-highlight-underline lqd-highlight-grow-left text-decoration-default\"   >  Oui, lorsque vous engagez nos services, nous nous assurons que tout est parfait pour le moment de l&#8217;\u00e9v\u00e9nement. Cela inclut que tous les \u00e9l\u00e9ments qui le composent soient dispos\u00e9s \u00e0 leur place exacte afin qu&#8217;ils aient l&#8217;effet escompt\u00e9.<\/p><\/div>                    <\/div>\n                <\/div>\n            <\/div>\n\t\t\t            <div class=\"accordion-item panel  \">\n\n                <div class=\"accordion-heading\" role=\"tab\" id=\"heading_lqd-1621610030115-79744a97-73ccea41-e26f\" data-id=\"lqd-1621610030115-79744a97-73ccea41-e26f\">\n                    <h4 class=\"accordion-title\" data-controls=\"lqd-1621610030115-79744a97-73ccea41-e26f\" tabindex=\"-1\">\n                        <a tabindex=\"0\" class=\"collapsed\" data-toggle=\"collapse\"  data-bs-toggle=\"collapse\"\n                           data-parent=\"#vc_accordion_69debace2174e\" data-bs-parent=\"#vc_accordion_69debace2174e\" href=\"#lqd-1621610030115-79744a97-73ccea41-e26f\" data-bs-target=\"#lqd-1621610030115-79744a97-73ccea41-e26f\"\n                           aria-expanded=\"false\" aria-controls=\"lqd-1621610030115-79744a97-73ccea41-e26f\">\n\n\t\t\t\t\t\t\t\n\t\t\t\t\t\t\tAi-je besoin d'un wedding planner?\n\t\t\t\t\t\t\t                                <span class=\"accordion-expander\">\n\t\t\t\t\t\t\t\t\t\t\t\t\t\t\t\t\t\t\t<i class=\"lqd-icn-ess icon-ion-ios-add\"><\/i>\n\t\t\t\t\t\t\t\t\t\n\t\t\t\t\t\t\t\t\t\t\t\t\t\t\t\t\t\t\t<i class=\"lqd-icn-ess icon-ion-ios-remove\"><\/i>\n\t\t\t\t\t\t\t\t\t\t\t\t\t\t\t\t\t<\/span>\n\t\t\t\t\t\t\t\n                        <\/a>\n\n                    <\/h4>\n                <\/div>\n\n                <div id=\"lqd-1621610030115-79744a97-73ccea41-e26f\" class=\"accordion-collapse collapse\"\n                    data-bs-parent=\"#vc_accordion_69debace2174e\" role=\"tabpanel\" aria-labelledby=\"heading_lqd-1621610030115-79744a97-73ccea41-e26f\">\n                    <div class=\"accordion-content\">\n\t\t\t\t\t\t<style>.ld_fancy_heading_69debace20fb3 p {font-size:17px; } .ld_fancy_heading_69debace20fb3 p {line-height:1.35em; } .ld_fancy_heading_69debace20fb3 p {--element-line-height:1.35em; } .ld_fancy_heading_69debace20fb3 p {margin-bottom:0px !important;  } .ld_fancy_heading_69debace20fb3 .lqd-highlight-inner{height:0.275em!important;bottom:0px!important;}.ld_fancy_heading_69debace20fb3 p {font-size:17px; } .ld_fancy_heading_69debace20fb3 p {line-height:1.35em; } .ld_fancy_heading_69debace20fb3 p {--element-line-height:1.35em; } .ld_fancy_heading_69debace20fb3 p {margin-bottom:0px !important;  } <\/style><div class=\"ld-fancy-heading ld_fancy_heading_69debace20fb3\">\n\t<p class=\"ld-fh-element lqd-highlight-underline lqd-highlight-grow-left text-decoration-default\"   >  Nous recommandons \u00e0 nos clients de se faire conseiller par un organisateur de mariage dans la mesure du possible, mais il n&#8217;est pas indispensable de faire appel \u00e0 nos services.<\/p><\/div>                    <\/div>\n                <\/div>\n            <\/div>\n\t\t\t            <div class=\"accordion-item panel  \">\n\n                <div class=\"accordion-heading\" role=\"tab\" id=\"heading_lqd-1621610043743-cf0472eb-37bdea41-e26f\" data-id=\"lqd-1621610043743-cf0472eb-37bdea41-e26f\">\n                    <h4 class=\"accordion-title\" data-controls=\"lqd-1621610043743-cf0472eb-37bdea41-e26f\" tabindex=\"-1\">\n                        <a tabindex=\"0\" class=\"collapsed\" data-toggle=\"collapse\"  data-bs-toggle=\"collapse\"\n                           data-parent=\"#vc_accordion_69debace2174e\" data-bs-parent=\"#vc_accordion_69debace2174e\" href=\"#lqd-1621610043743-cf0472eb-37bdea41-e26f\" data-bs-target=\"#lqd-1621610043743-cf0472eb-37bdea41-e26f\"\n                           aria-expanded=\"false\" aria-controls=\"lqd-1621610043743-cf0472eb-37bdea41-e26f\">\n\n\t\t\t\t\t\t\t\n\t\t\t\t\t\t\tJusqu'\u00e0 quand peut-on apporter des modifications au projet de style ?\n\t\t\t\t\t\t\t                                <span class=\"accordion-expander\">\n\t\t\t\t\t\t\t\t\t\t\t\t\t\t\t\t\t\t\t<i class=\"lqd-icn-ess icon-ion-ios-add\"><\/i>\n\t\t\t\t\t\t\t\t\t\n\t\t\t\t\t\t\t\t\t\t\t\t\t\t\t\t\t\t\t<i class=\"lqd-icn-ess icon-ion-ios-remove\"><\/i>\n\t\t\t\t\t\t\t\t\t\t\t\t\t\t\t\t\t<\/span>\n\t\t\t\t\t\t\t\n                        <\/a>\n\n                    <\/h4>\n                <\/div>\n\n                <div id=\"lqd-1621610043743-cf0472eb-37bdea41-e26f\" class=\"accordion-collapse collapse\"\n                    data-bs-parent=\"#vc_accordion_69debace2174e\" role=\"tabpanel\" aria-labelledby=\"heading_lqd-1621610043743-cf0472eb-37bdea41-e26f\">\n                    <div class=\"accordion-content\">\n\t\t\t\t\t\t<style>.ld_fancy_heading_69debace21236 p {font-size:17px; } .ld_fancy_heading_69debace21236 p {line-height:1.35em; } .ld_fancy_heading_69debace21236 p {--element-line-height:1.35em; } .ld_fancy_heading_69debace21236 p {margin-bottom:0px !important;  } .ld_fancy_heading_69debace21236 .lqd-highlight-inner{height:0.275em!important;bottom:0px!important;}.ld_fancy_heading_69debace21236 p {font-size:17px; } .ld_fancy_heading_69debace21236 p {line-height:1.35em; } .ld_fancy_heading_69debace21236 p {--element-line-height:1.35em; } .ld_fancy_heading_69debace21236 p {margin-bottom:0px !important;  } <\/style><div class=\"ld-fancy-heading ld_fancy_heading_69debace21236\">\n\t<p class=\"ld-fh-element lqd-highlight-underline lqd-highlight-grow-left text-decoration-default\"   >  Jusqu&#8217;\u00e0 15 jours avant la c\u00e9l\u00e9bration du mariage ou de l&#8217;\u00e9v\u00e9nement, il est possible d&#8217;apporter des modifications.<\/p><\/div>                    <\/div>\n                <\/div>\n            <\/div>\n\t\t\t            <div class=\"accordion-item panel  \">\n\n                <div class=\"accordion-heading\" role=\"tab\" id=\"heading_lqd-1621610057760-774f53da-141dea41-e26f\" data-id=\"lqd-1621610057760-774f53da-141dea41-e26f\">\n                    <h4 class=\"accordion-title\" data-controls=\"lqd-1621610057760-774f53da-141dea41-e26f\" tabindex=\"-1\">\n                        <a tabindex=\"0\" class=\"collapsed\" data-toggle=\"collapse\"  data-bs-toggle=\"collapse\"\n                           data-parent=\"#vc_accordion_69debace2174e\" data-bs-parent=\"#vc_accordion_69debace2174e\" href=\"#lqd-1621610057760-774f53da-141dea41-e26f\" data-bs-target=\"#lqd-1621610057760-774f53da-141dea41-e26f\"\n                           aria-expanded=\"false\" aria-controls=\"lqd-1621610057760-774f53da-141dea41-e26f\">\n\n\t\t\t\t\t\t\t\n\t\t\t\t\t\t\tEt si plus d'invit\u00e9s viennent ou s'il y a quelque chose d'impr\u00e9vu ?\n\t\t\t\t\t\t\t                                <span class=\"accordion-expander\">\n\t\t\t\t\t\t\t\t\t\t\t\t\t\t\t\t\t\t\t<i class=\"lqd-icn-ess icon-ion-ios-add\"><\/i>\n\t\t\t\t\t\t\t\t\t\n\t\t\t\t\t\t\t\t\t\t\t\t\t\t\t\t\t\t\t<i class=\"lqd-icn-ess icon-ion-ios-remove\"><\/i>\n\t\t\t\t\t\t\t\t\t\t\t\t\t\t\t\t\t<\/span>\n\t\t\t\t\t\t\t\n                        <\/a>\n\n                    <\/h4>\n                <\/div>\n\n                <div id=\"lqd-1621610057760-774f53da-141dea41-e26f\" class=\"accordion-collapse collapse\"\n                    data-bs-parent=\"#vc_accordion_69debace2174e\" role=\"tabpanel\" aria-labelledby=\"heading_lqd-1621610057760-774f53da-141dea41-e26f\">\n                    <div class=\"accordion-content\">\n\t\t\t\t\t\t<style>.ld_fancy_heading_69debace21462 p {font-size:17px; } .ld_fancy_heading_69debace21462 p {line-height:1.35em; } .ld_fancy_heading_69debace21462 p {--element-line-height:1.35em; } .ld_fancy_heading_69debace21462 p {margin-bottom:0px !important;  } .ld_fancy_heading_69debace21462 .lqd-highlight-inner{height:0.275em!important;bottom:0px!important;}.ld_fancy_heading_69debace21462 p {font-size:17px; } .ld_fancy_heading_69debace21462 p {line-height:1.35em; } .ld_fancy_heading_69debace21462 p {--element-line-height:1.35em; } .ld_fancy_heading_69debace21462 p {margin-bottom:0px !important;  } <\/style><div class=\"ld-fancy-heading ld_fancy_heading_69debace21462\">\n\t<p class=\"ld-fh-element lqd-highlight-underline lqd-highlight-grow-left text-decoration-default\"   >  En ayant notre propre entrep\u00f4t de mat\u00e9riel de location pour les \u00e9v\u00e9nements et une \u00e9quipe humaine exp\u00e9riment\u00e9e, nous pouvons offrir une couverture \u00e9tendue pour un large \u00e9ventail d&#8217;\u00e9v\u00e9nements impr\u00e9vus et d&#8217;improvisations pour s&#8217;assurer que rien ne g\u00e2che la c\u00e9l\u00e9bration.<\/p><\/div>                    <\/div>\n                <\/div>\n            <\/div>\n\t\t\t            <div class=\"accordion-item panel  \">\n\n                <div class=\"accordion-heading\" role=\"tab\" id=\"heading_lqd-1621610073214-89ff4f0f-20b5ea41-e26f\" data-id=\"lqd-1621610073214-89ff4f0f-20b5ea41-e26f\">\n                    <h4 class=\"accordion-title\" data-controls=\"lqd-1621610073214-89ff4f0f-20b5ea41-e26f\" tabindex=\"-1\">\n                        <a tabindex=\"0\" class=\"collapsed\" data-toggle=\"collapse\"  data-bs-toggle=\"collapse\"\n                           data-parent=\"#vc_accordion_69debace2174e\" data-bs-parent=\"#vc_accordion_69debace2174e\" href=\"#lqd-1621610073214-89ff4f0f-20b5ea41-e26f\" data-bs-target=\"#lqd-1621610073214-89ff4f0f-20b5ea41-e26f\"\n                           aria-expanded=\"false\" aria-controls=\"lqd-1621610073214-89ff4f0f-20b5ea41-e26f\">\n\n\t\t\t\t\t\t\t\n\t\t\t\t\t\t\tCela peut-il \u00eatre en dehors de Marbella ?\n\t\t\t\t\t\t\t                                <span class=\"accordion-expander\">\n\t\t\t\t\t\t\t\t\t\t\t\t\t\t\t\t\t\t\t<i class=\"lqd-icn-ess icon-ion-ios-add\"><\/i>\n\t\t\t\t\t\t\t\t\t\n\t\t\t\t\t\t\t\t\t\t\t\t\t\t\t\t\t\t\t<i class=\"lqd-icn-ess icon-ion-ios-remove\"><\/i>\n\t\t\t\t\t\t\t\t\t\t\t\t\t\t\t\t\t<\/span>\n\t\t\t\t\t\t\t\n                        <\/a>\n\n                    <\/h4>\n                <\/div>\n\n                <div id=\"lqd-1621610073214-89ff4f0f-20b5ea41-e26f\" class=\"accordion-collapse collapse\"\n                    data-bs-parent=\"#vc_accordion_69debace2174e\" role=\"tabpanel\" aria-labelledby=\"heading_lqd-1621610073214-89ff4f0f-20b5ea41-e26f\">\n                    <div class=\"accordion-content\">\n\t\t\t\t\t\t<style>.ld_fancy_heading_69debace2166b p {font-size:17px; } .ld_fancy_heading_69debace2166b p {line-height:1.35em; } .ld_fancy_heading_69debace2166b p {--element-line-height:1.35em; } .ld_fancy_heading_69debace2166b p {margin-bottom:0px !important;  } .ld_fancy_heading_69debace2166b .lqd-highlight-inner{height:0.275em!important;bottom:0px!important;}.ld_fancy_heading_69debace2166b p {font-size:17px; } .ld_fancy_heading_69debace2166b p {line-height:1.35em; } .ld_fancy_heading_69debace2166b p {--element-line-height:1.35em; } .ld_fancy_heading_69debace2166b p {margin-bottom:0px !important;  } <\/style><div class=\"ld-fancy-heading ld_fancy_heading_69debace2166b\">\n\t<p class=\"ld-fh-element lqd-highlight-underline lqd-highlight-grow-left text-decoration-default\"   >  Oui, en fait, il est assez courant pour nous d&#8217;aller dans des villes comme Barcelone ou Majorque, ainsi que dans d&#8217;autres pays comme la France et le Maroc.<\/p><\/div>                    <\/div>\n                <\/div>\n            <\/div>\n\t\t\t<\/div>[\/vc_column][\/vc_row]<\/p>\n","protected":false},"excerpt":{"rendered":"<p>[vc_row content_placement=&#8221;middle&#8221; responsive_css=&#8221;padding_top_medium:100px|padding_bottom_medium:100px&#8221; css=&#8221;.vc_custom_1621609863490{padding-top: 60px !important;padding-bottom: 60px !important;}&#8221;][vc_column offset=&#8221;vc_col-md-5&#8243; responsive_css=&#8221;margin_right_medium:-55px|margin_left_medium:-70px&#8221;][vc_single_image image=&#8221;6480&#8243; img_size=&#8221;large&#8221; enable_opacity=&#8221;yes&#8221; opacity=&#8221;0.2&#8243; css=&#8221;.vc_custom_1672159099351{margin-bottom: -10% !important;border-radius: 15px !important;}&#8221;][\/vc_column][vc_column offset=&#8221;vc_col-md-7&#8243;][\/vc_column][\/vc_row]<\/p>\n","protected":false},"author":1,"featured_media":0,"parent":0,"menu_order":0,"comment_status":"closed","ping_status":"closed","template":"","meta":{"footnotes":""},"class_list":["post-7611","page","type-page","status-publish","hentry"],"yoast_head":"<!-- This site is optimized with the Yoast SEO plugin v27.3 - https:\/\/yoast.com\/product\/yoast-seo-wordpress\/ -->\n<title>Questions Fr\u00e9quentes - Pedro Navarro - Floral Art and Event Styling<\/title>\n<meta name=\"robots\" content=\"index, follow, max-snippet:-1, max-image-preview:large, max-video-preview:-1\" \/>\n<link rel=\"canonical\" href=\"https:\/\/www.pedronavarro.es\/fr\/questions-frequentes\/\" \/>\n<meta property=\"og:locale\" content=\"fr_FR\" \/>\n<meta property=\"og:type\" content=\"article\" \/>\n<meta property=\"og:title\" content=\"Questions Fr\u00e9quentes - Pedro Navarro - Floral Art and Event Styling\" \/>\n<meta property=\"og:description\" content=\"[vc_row content_placement=&#8221;middle&#8221; responsive_css=&#8221;padding_top_medium:100px|padding_bottom_medium:100px&#8221; css=&#8221;.vc_custom_1621609863490{padding-top: 60px !important;padding-bottom: 60px !important;}&#8221;][vc_column offset=&#8221;vc_col-md-5&#8243; responsive_css=&#8221;margin_right_medium:-55px|margin_left_medium:-70px&#8221;][vc_single_image image=&#8221;6480&#8243; img_size=&#8221;large&#8221; enable_opacity=&#8221;yes&#8221; opacity=&#8221;0.2&#8243; css=&#8221;.vc_custom_1672159099351{margin-bottom: -10% !important;border-radius: 15px !important;}&#8221;][\/vc_column][vc_column offset=&#8221;vc_col-md-7&#8243;][\/vc_column][\/vc_row]\" \/>\n<meta property=\"og:url\" content=\"https:\/\/www.pedronavarro.es\/fr\/questions-frequentes\/\" \/>\n<meta property=\"og:site_name\" content=\"Pedro Navarro - Floral Art and Event Styling\" \/>\n<meta property=\"article:publisher\" content=\"https:\/\/www.facebook.com\/PedroNavarroES\" \/>\n<meta property=\"article:modified_time\" content=\"2023-02-03T09:59:48+00:00\" \/>\n<meta property=\"og:image\" content=\"https:\/\/www.pedronavarro.es\/wp-content\/uploads\/Logo-Instagram.png\" \/>\n\t<meta property=\"og:image:width\" content=\"320\" \/>\n\t<meta property=\"og:image:height\" content=\"320\" \/>\n\t<meta property=\"og:image:type\" content=\"image\/png\" \/>\n<meta name=\"twitter:card\" content=\"summary_large_image\" \/>\n<meta name=\"twitter:label1\" content=\"Dur\u00e9e de lecture estim\u00e9e\" \/>\n\t<meta name=\"twitter:data1\" content=\"3 minutes\" \/>\n<script type=\"application\/ld+json\" class=\"yoast-schema-graph\">{\"@context\":\"https:\\\/\\\/schema.org\",\"@graph\":[{\"@type\":\"WebPage\",\"@id\":\"https:\\\/\\\/www.pedronavarro.es\\\/fr\\\/questions-frequentes\\\/\",\"url\":\"https:\\\/\\\/www.pedronavarro.es\\\/fr\\\/questions-frequentes\\\/\",\"name\":\"Questions Fr\u00e9quentes - Pedro Navarro - Floral Art and Event Styling\",\"isPartOf\":{\"@id\":\"https:\\\/\\\/www.pedronavarro.es\\\/fr\\\/#website\"},\"datePublished\":\"2022-12-27T16:28:26+00:00\",\"dateModified\":\"2023-02-03T09:59:48+00:00\",\"breadcrumb\":{\"@id\":\"https:\\\/\\\/www.pedronavarro.es\\\/fr\\\/questions-frequentes\\\/#breadcrumb\"},\"inLanguage\":\"fr-FR\",\"potentialAction\":[{\"@type\":\"ReadAction\",\"target\":[\"https:\\\/\\\/www.pedronavarro.es\\\/fr\\\/questions-frequentes\\\/\"]}]},{\"@type\":\"BreadcrumbList\",\"@id\":\"https:\\\/\\\/www.pedronavarro.es\\\/fr\\\/questions-frequentes\\\/#breadcrumb\",\"itemListElement\":[{\"@type\":\"ListItem\",\"position\":1,\"name\":\"Portada\",\"item\":\"https:\\\/\\\/www.pedronavarro.es\\\/fr\\\/\"},{\"@type\":\"ListItem\",\"position\":2,\"name\":\"Questions Fr\u00e9quentes\"}]},{\"@type\":\"WebSite\",\"@id\":\"https:\\\/\\\/www.pedronavarro.es\\\/fr\\\/#website\",\"url\":\"https:\\\/\\\/www.pedronavarro.es\\\/fr\\\/\",\"name\":\"Pedro Navarro - Floral Art and Event Styling\",\"description\":\"Pedro Navarro - Floral Art and Event Styling in Marbella, Spain\",\"publisher\":{\"@id\":\"https:\\\/\\\/www.pedronavarro.es\\\/fr\\\/#organization\"},\"potentialAction\":[{\"@type\":\"SearchAction\",\"target\":{\"@type\":\"EntryPoint\",\"urlTemplate\":\"https:\\\/\\\/www.pedronavarro.es\\\/fr\\\/?s={search_term_string}\"},\"query-input\":{\"@type\":\"PropertyValueSpecification\",\"valueRequired\":true,\"valueName\":\"search_term_string\"}}],\"inLanguage\":\"fr-FR\"},{\"@type\":\"Organization\",\"@id\":\"https:\\\/\\\/www.pedronavarro.es\\\/fr\\\/#organization\",\"name\":\"PEDRO NAVARRO Floral Art & Event Styling\",\"alternateName\":\"Pedro Navarro Estilismo floral y eventos\",\"url\":\"https:\\\/\\\/www.pedronavarro.es\\\/fr\\\/\",\"logo\":{\"@type\":\"ImageObject\",\"inLanguage\":\"fr-FR\",\"@id\":\"https:\\\/\\\/www.pedronavarro.es\\\/fr\\\/#\\\/schema\\\/logo\\\/image\\\/\",\"url\":\"https:\\\/\\\/www.pedronavarro.es\\\/wp-content\\\/uploads\\\/Logo-Instagram-1.png\",\"contentUrl\":\"https:\\\/\\\/www.pedronavarro.es\\\/wp-content\\\/uploads\\\/Logo-Instagram-1.png\",\"width\":320,\"height\":320,\"caption\":\"PEDRO NAVARRO Floral Art & Event Styling\"},\"image\":{\"@id\":\"https:\\\/\\\/www.pedronavarro.es\\\/fr\\\/#\\\/schema\\\/logo\\\/image\\\/\"},\"sameAs\":[\"https:\\\/\\\/www.facebook.com\\\/PedroNavarroES\",\"https:\\\/\\\/www.instagram.com\\\/pedronavarro_es\\\/\",\"https:\\\/\\\/www.pinterest.com\\\/StudioPedroNavarro\\\/\",\"https:\\\/\\\/www.tiktok.com\\\/@pedronavarro_es?lang=es\"]}]}<\/script>\n<!-- \/ Yoast SEO plugin. -->","yoast_head_json":{"title":"Questions Fr\u00e9quentes - Pedro Navarro - Floral Art and Event Styling","robots":{"index":"index","follow":"follow","max-snippet":"max-snippet:-1","max-image-preview":"max-image-preview:large","max-video-preview":"max-video-preview:-1"},"canonical":"https:\/\/www.pedronavarro.es\/fr\/questions-frequentes\/","og_locale":"fr_FR","og_type":"article","og_title":"Questions Fr\u00e9quentes - Pedro Navarro - Floral Art and Event Styling","og_description":"[vc_row content_placement=&#8221;middle&#8221; responsive_css=&#8221;padding_top_medium:100px|padding_bottom_medium:100px&#8221; css=&#8221;.vc_custom_1621609863490{padding-top: 60px !important;padding-bottom: 60px !important;}&#8221;][vc_column offset=&#8221;vc_col-md-5&#8243; responsive_css=&#8221;margin_right_medium:-55px|margin_left_medium:-70px&#8221;][vc_single_image image=&#8221;6480&#8243; img_size=&#8221;large&#8221; enable_opacity=&#8221;yes&#8221; opacity=&#8221;0.2&#8243; css=&#8221;.vc_custom_1672159099351{margin-bottom: -10% !important;border-radius: 15px !important;}&#8221;][\/vc_column][vc_column offset=&#8221;vc_col-md-7&#8243;][\/vc_column][\/vc_row]","og_url":"https:\/\/www.pedronavarro.es\/fr\/questions-frequentes\/","og_site_name":"Pedro Navarro - Floral Art and Event Styling","article_publisher":"https:\/\/www.facebook.com\/PedroNavarroES","article_modified_time":"2023-02-03T09:59:48+00:00","og_image":[{"width":320,"height":320,"url":"https:\/\/www.pedronavarro.es\/wp-content\/uploads\/Logo-Instagram.png","type":"image\/png"}],"twitter_card":"summary_large_image","twitter_misc":{"Dur\u00e9e de lecture estim\u00e9e":"3 minutes"},"schema":{"@context":"https:\/\/schema.org","@graph":[{"@type":"WebPage","@id":"https:\/\/www.pedronavarro.es\/fr\/questions-frequentes\/","url":"https:\/\/www.pedronavarro.es\/fr\/questions-frequentes\/","name":"Questions Fr\u00e9quentes - Pedro Navarro - Floral Art and Event Styling","isPartOf":{"@id":"https:\/\/www.pedronavarro.es\/fr\/#website"},"datePublished":"2022-12-27T16:28:26+00:00","dateModified":"2023-02-03T09:59:48+00:00","breadcrumb":{"@id":"https:\/\/www.pedronavarro.es\/fr\/questions-frequentes\/#breadcrumb"},"inLanguage":"fr-FR","potentialAction":[{"@type":"ReadAction","target":["https:\/\/www.pedronavarro.es\/fr\/questions-frequentes\/"]}]},{"@type":"BreadcrumbList","@id":"https:\/\/www.pedronavarro.es\/fr\/questions-frequentes\/#breadcrumb","itemListElement":[{"@type":"ListItem","position":1,"name":"Portada","item":"https:\/\/www.pedronavarro.es\/fr\/"},{"@type":"ListItem","position":2,"name":"Questions Fr\u00e9quentes"}]},{"@type":"WebSite","@id":"https:\/\/www.pedronavarro.es\/fr\/#website","url":"https:\/\/www.pedronavarro.es\/fr\/","name":"Pedro Navarro - Floral Art and Event Styling","description":"Pedro Navarro - Floral Art and Event Styling in Marbella, Spain","publisher":{"@id":"https:\/\/www.pedronavarro.es\/fr\/#organization"},"potentialAction":[{"@type":"SearchAction","target":{"@type":"EntryPoint","urlTemplate":"https:\/\/www.pedronavarro.es\/fr\/?s={search_term_string}"},"query-input":{"@type":"PropertyValueSpecification","valueRequired":true,"valueName":"search_term_string"}}],"inLanguage":"fr-FR"},{"@type":"Organization","@id":"https:\/\/www.pedronavarro.es\/fr\/#organization","name":"PEDRO NAVARRO Floral Art & Event Styling","alternateName":"Pedro Navarro Estilismo floral y eventos","url":"https:\/\/www.pedronavarro.es\/fr\/","logo":{"@type":"ImageObject","inLanguage":"fr-FR","@id":"https:\/\/www.pedronavarro.es\/fr\/#\/schema\/logo\/image\/","url":"https:\/\/www.pedronavarro.es\/wp-content\/uploads\/Logo-Instagram-1.png","contentUrl":"https:\/\/www.pedronavarro.es\/wp-content\/uploads\/Logo-Instagram-1.png","width":320,"height":320,"caption":"PEDRO NAVARRO Floral Art & Event Styling"},"image":{"@id":"https:\/\/www.pedronavarro.es\/fr\/#\/schema\/logo\/image\/"},"sameAs":["https:\/\/www.facebook.com\/PedroNavarroES","https:\/\/www.instagram.com\/pedronavarro_es\/","https:\/\/www.pinterest.com\/StudioPedroNavarro\/","https:\/\/www.tiktok.com\/@pedronavarro_es?lang=es"]}]}},"_links":{"self":[{"href":"https:\/\/www.pedronavarro.es\/fr\/wp-json\/wp\/v2\/pages\/7611","targetHints":{"allow":["GET"]}}],"collection":[{"href":"https:\/\/www.pedronavarro.es\/fr\/wp-json\/wp\/v2\/pages"}],"about":[{"href":"https:\/\/www.pedronavarro.es\/fr\/wp-json\/wp\/v2\/types\/page"}],"author":[{"embeddable":true,"href":"https:\/\/www.pedronavarro.es\/fr\/wp-json\/wp\/v2\/users\/1"}],"replies":[{"embeddable":true,"href":"https:\/\/www.pedronavarro.es\/fr\/wp-json\/wp\/v2\/comments?post=7611"}],"version-history":[{"count":3,"href":"https:\/\/www.pedronavarro.es\/fr\/wp-json\/wp\/v2\/pages\/7611\/revisions"}],"predecessor-version":[{"id":7614,"href":"https:\/\/www.pedronavarro.es\/fr\/wp-json\/wp\/v2\/pages\/7611\/revisions\/7614"}],"wp:attachment":[{"href":"https:\/\/www.pedronavarro.es\/fr\/wp-json\/wp\/v2\/media?parent=7611"}],"curies":[{"name":"wp","href":"https:\/\/api.w.org\/{rel}","templated":true}]}}