{"id":7615,"date":"2022-12-20T10:32:30","date_gmt":"2022-12-20T09:32:30","guid":{"rendered":"https:\/\/www.pedronavarro.es\/?page_id=7615"},"modified":"2025-08-14T15:25:38","modified_gmt":"2025-08-14T14:25:38","slug":"portefeuille","status":"publish","type":"page","link":"https:\/\/www.pedronavarro.es\/fr\/portefeuille\/","title":{"rendered":"Portefeuille"},"content":{"rendered":"<p>[vc_row][vc_column]<style>.ld_spacer_69de8aca6d30e{height:150px;}<\/style>\n<div class=\"ld-empty-space ld_spacer_69de8aca6d30e\"><\/div>[vc_column_text]Nous mettons \u00e0 jour cette section et elle sera de nouveau active sous peu. En attendant, vous pouvez visiter notre Instagram, o\u00f9 vous trouverez \u00e9galement les derni\u00e8res mises \u00e0 jour : Instagram <a href=\"https:\/\/www.instagram.com\/pedronavarro_es\/\" target=\"_blank\" rel=\"noopener\">https:\/\/www.instagram.com\/pedronavarro_es\/<\/a>[\/vc_column_text]<style>.ld_spacer_69de8aca6d43f{height:100px;}<\/style>\n<div class=\"ld-empty-space ld_spacer_69de8aca6d43f\"><\/div>[\/vc_column][\/vc_row]<\/p>\n","protected":false},"excerpt":{"rendered":"<p>[vc_row][vc_column][vc_column_text]Nous mettons \u00e0 jour cette section et elle sera de nouveau active sous peu. En attendant, vous pouvez visiter notre Instagram, o\u00f9 vous trouverez \u00e9galement les derni\u00e8res mises \u00e0 jour : Instagram https:\/\/www.instagram.com\/pedronavarro_es\/[\/vc_column_text][\/vc_column][\/vc_row]<\/p>\n","protected":false},"author":1,"featured_media":0,"parent":0,"menu_order":0,"comment_status":"closed","ping_status":"closed","template":"","meta":{"footnotes":""},"class_list":["post-7615","page","type-page","status-publish","hentry"],"yoast_head":"<!-- This site is optimized with the Yoast SEO plugin v27.3 - https:\/\/yoast.com\/product\/yoast-seo-wordpress\/ -->\n<title>Portefeuille - Pedro Navarro - Floral Art and Event Styling<\/title>\n<meta name=\"robots\" content=\"noindex, follow\" \/>\n<meta property=\"og:locale\" content=\"fr_FR\" \/>\n<meta property=\"og:type\" content=\"article\" \/>\n<meta property=\"og:title\" content=\"Portefeuille - Pedro Navarro - Floral Art and Event Styling\" \/>\n<meta property=\"og:description\" content=\"[vc_row][vc_column][vc_column_text]Nous mettons \u00e0 jour cette section et elle sera de nouveau active sous peu. En attendant, vous pouvez visiter notre Instagram, o\u00f9 vous trouverez \u00e9galement les derni\u00e8res mises \u00e0 jour : Instagram https:\/\/www.instagram.com\/pedronavarro_es\/[\/vc_column_text][\/vc_column][\/vc_row]\" \/>\n<meta property=\"og:url\" content=\"https:\/\/www.pedronavarro.es\/fr\/portefeuille\/\" \/>\n<meta property=\"og:site_name\" content=\"Pedro Navarro - Floral Art and Event Styling\" \/>\n<meta property=\"article:publisher\" content=\"https:\/\/www.facebook.com\/PedroNavarroES\" \/>\n<meta property=\"article:modified_time\" content=\"2025-08-14T14:25:38+00:00\" \/>\n<meta property=\"og:image\" content=\"https:\/\/www.pedronavarro.es\/wp-content\/uploads\/Logo-Instagram.png\" \/>\n\t<meta property=\"og:image:width\" content=\"320\" \/>\n\t<meta property=\"og:image:height\" content=\"320\" \/>\n\t<meta property=\"og:image:type\" content=\"image\/png\" \/>\n<meta name=\"twitter:card\" content=\"summary_large_image\" \/>\n<script type=\"application\/ld+json\" class=\"yoast-schema-graph\">{\"@context\":\"https:\\\/\\\/schema.org\",\"@graph\":[{\"@type\":\"WebPage\",\"@id\":\"https:\\\/\\\/www.pedronavarro.es\\\/fr\\\/portefeuille\\\/\",\"url\":\"https:\\\/\\\/www.pedronavarro.es\\\/fr\\\/portefeuille\\\/\",\"name\":\"Portefeuille - Pedro Navarro - Floral Art and Event Styling\",\"isPartOf\":{\"@id\":\"https:\\\/\\\/www.pedronavarro.es\\\/fr\\\/#website\"},\"datePublished\":\"2022-12-20T09:32:30+00:00\",\"dateModified\":\"2025-08-14T14:25:38+00:00\",\"breadcrumb\":{\"@id\":\"https:\\\/\\\/www.pedronavarro.es\\\/fr\\\/portefeuille\\\/#breadcrumb\"},\"inLanguage\":\"fr-FR\",\"potentialAction\":[{\"@type\":\"ReadAction\",\"target\":[\"https:\\\/\\\/www.pedronavarro.es\\\/fr\\\/portefeuille\\\/\"]}]},{\"@type\":\"BreadcrumbList\",\"@id\":\"https:\\\/\\\/www.pedronavarro.es\\\/fr\\\/portefeuille\\\/#breadcrumb\",\"itemListElement\":[{\"@type\":\"ListItem\",\"position\":1,\"name\":\"Portada\",\"item\":\"https:\\\/\\\/www.pedronavarro.es\\\/fr\\\/\"},{\"@type\":\"ListItem\",\"position\":2,\"name\":\"Portefeuille\"}]},{\"@type\":\"WebSite\",\"@id\":\"https:\\\/\\\/www.pedronavarro.es\\\/fr\\\/#website\",\"url\":\"https:\\\/\\\/www.pedronavarro.es\\\/fr\\\/\",\"name\":\"Pedro Navarro - Floral Art and Event Styling\",\"description\":\"Pedro Navarro - Floral Art and Event Styling in Marbella, Spain\",\"publisher\":{\"@id\":\"https:\\\/\\\/www.pedronavarro.es\\\/fr\\\/#organization\"},\"potentialAction\":[{\"@type\":\"SearchAction\",\"target\":{\"@type\":\"EntryPoint\",\"urlTemplate\":\"https:\\\/\\\/www.pedronavarro.es\\\/fr\\\/?s={search_term_string}\"},\"query-input\":{\"@type\":\"PropertyValueSpecification\",\"valueRequired\":true,\"valueName\":\"search_term_string\"}}],\"inLanguage\":\"fr-FR\"},{\"@type\":\"Organization\",\"@id\":\"https:\\\/\\\/www.pedronavarro.es\\\/fr\\\/#organization\",\"name\":\"PEDRO NAVARRO Floral Art & Event Styling\",\"alternateName\":\"Pedro Navarro Estilismo floral y eventos\",\"url\":\"https:\\\/\\\/www.pedronavarro.es\\\/fr\\\/\",\"logo\":{\"@type\":\"ImageObject\",\"inLanguage\":\"fr-FR\",\"@id\":\"https:\\\/\\\/www.pedronavarro.es\\\/fr\\\/#\\\/schema\\\/logo\\\/image\\\/\",\"url\":\"https:\\\/\\\/www.pedronavarro.es\\\/wp-content\\\/uploads\\\/Logo-Instagram-1.png\",\"contentUrl\":\"https:\\\/\\\/www.pedronavarro.es\\\/wp-content\\\/uploads\\\/Logo-Instagram-1.png\",\"width\":320,\"height\":320,\"caption\":\"PEDRO NAVARRO Floral Art & Event Styling\"},\"image\":{\"@id\":\"https:\\\/\\\/www.pedronavarro.es\\\/fr\\\/#\\\/schema\\\/logo\\\/image\\\/\"},\"sameAs\":[\"https:\\\/\\\/www.facebook.com\\\/PedroNavarroES\",\"https:\\\/\\\/www.instagram.com\\\/pedronavarro_es\\\/\",\"https:\\\/\\\/www.pinterest.com\\\/StudioPedroNavarro\\\/\",\"https:\\\/\\\/www.tiktok.com\\\/@pedronavarro_es?lang=es\"]}]}<\/script>\n<!-- \/ Yoast SEO plugin. -->","yoast_head_json":{"title":"Portefeuille - Pedro Navarro - Floral Art and Event Styling","robots":{"index":"noindex","follow":"follow"},"og_locale":"fr_FR","og_type":"article","og_title":"Portefeuille - Pedro Navarro - Floral Art and Event Styling","og_description":"[vc_row][vc_column][vc_column_text]Nous mettons \u00e0 jour cette section et elle sera de nouveau active sous peu. En attendant, vous pouvez visiter notre Instagram, o\u00f9 vous trouverez \u00e9galement les derni\u00e8res mises \u00e0 jour : Instagram https:\/\/www.instagram.com\/pedronavarro_es\/[\/vc_column_text][\/vc_column][\/vc_row]","og_url":"https:\/\/www.pedronavarro.es\/fr\/portefeuille\/","og_site_name":"Pedro Navarro - Floral Art and Event Styling","article_publisher":"https:\/\/www.facebook.com\/PedroNavarroES","article_modified_time":"2025-08-14T14:25:38+00:00","og_image":[{"width":320,"height":320,"url":"https:\/\/www.pedronavarro.es\/wp-content\/uploads\/Logo-Instagram.png","type":"image\/png"}],"twitter_card":"summary_large_image","schema":{"@context":"https:\/\/schema.org","@graph":[{"@type":"WebPage","@id":"https:\/\/www.pedronavarro.es\/fr\/portefeuille\/","url":"https:\/\/www.pedronavarro.es\/fr\/portefeuille\/","name":"Portefeuille - Pedro Navarro - Floral Art and Event Styling","isPartOf":{"@id":"https:\/\/www.pedronavarro.es\/fr\/#website"},"datePublished":"2022-12-20T09:32:30+00:00","dateModified":"2025-08-14T14:25:38+00:00","breadcrumb":{"@id":"https:\/\/www.pedronavarro.es\/fr\/portefeuille\/#breadcrumb"},"inLanguage":"fr-FR","potentialAction":[{"@type":"ReadAction","target":["https:\/\/www.pedronavarro.es\/fr\/portefeuille\/"]}]},{"@type":"BreadcrumbList","@id":"https:\/\/www.pedronavarro.es\/fr\/portefeuille\/#breadcrumb","itemListElement":[{"@type":"ListItem","position":1,"name":"Portada","item":"https:\/\/www.pedronavarro.es\/fr\/"},{"@type":"ListItem","position":2,"name":"Portefeuille"}]},{"@type":"WebSite","@id":"https:\/\/www.pedronavarro.es\/fr\/#website","url":"https:\/\/www.pedronavarro.es\/fr\/","name":"Pedro Navarro - Floral Art and Event Styling","description":"Pedro Navarro - Floral Art and Event Styling in Marbella, Spain","publisher":{"@id":"https:\/\/www.pedronavarro.es\/fr\/#organization"},"potentialAction":[{"@type":"SearchAction","target":{"@type":"EntryPoint","urlTemplate":"https:\/\/www.pedronavarro.es\/fr\/?s={search_term_string}"},"query-input":{"@type":"PropertyValueSpecification","valueRequired":true,"valueName":"search_term_string"}}],"inLanguage":"fr-FR"},{"@type":"Organization","@id":"https:\/\/www.pedronavarro.es\/fr\/#organization","name":"PEDRO NAVARRO Floral Art & Event Styling","alternateName":"Pedro Navarro Estilismo floral y eventos","url":"https:\/\/www.pedronavarro.es\/fr\/","logo":{"@type":"ImageObject","inLanguage":"fr-FR","@id":"https:\/\/www.pedronavarro.es\/fr\/#\/schema\/logo\/image\/","url":"https:\/\/www.pedronavarro.es\/wp-content\/uploads\/Logo-Instagram-1.png","contentUrl":"https:\/\/www.pedronavarro.es\/wp-content\/uploads\/Logo-Instagram-1.png","width":320,"height":320,"caption":"PEDRO NAVARRO Floral Art & Event Styling"},"image":{"@id":"https:\/\/www.pedronavarro.es\/fr\/#\/schema\/logo\/image\/"},"sameAs":["https:\/\/www.facebook.com\/PedroNavarroES","https:\/\/www.instagram.com\/pedronavarro_es\/","https:\/\/www.pinterest.com\/StudioPedroNavarro\/","https:\/\/www.tiktok.com\/@pedronavarro_es?lang=es"]}]}},"_links":{"self":[{"href":"https:\/\/www.pedronavarro.es\/fr\/wp-json\/wp\/v2\/pages\/7615","targetHints":{"allow":["GET"]}}],"collection":[{"href":"https:\/\/www.pedronavarro.es\/fr\/wp-json\/wp\/v2\/pages"}],"about":[{"href":"https:\/\/www.pedronavarro.es\/fr\/wp-json\/wp\/v2\/types\/page"}],"author":[{"embeddable":true,"href":"https:\/\/www.pedronavarro.es\/fr\/wp-json\/wp\/v2\/users\/1"}],"replies":[{"embeddable":true,"href":"https:\/\/www.pedronavarro.es\/fr\/wp-json\/wp\/v2\/comments?post=7615"}],"version-history":[{"count":5,"href":"https:\/\/www.pedronavarro.es\/fr\/wp-json\/wp\/v2\/pages\/7615\/revisions"}],"predecessor-version":[{"id":9588,"href":"https:\/\/www.pedronavarro.es\/fr\/wp-json\/wp\/v2\/pages\/7615\/revisions\/9588"}],"wp:attachment":[{"href":"https:\/\/www.pedronavarro.es\/fr\/wp-json\/wp\/v2\/media?parent=7615"}],"curies":[{"name":"wp","href":"https:\/\/api.w.org\/{rel}","templated":true}]}}